 {"id":12084,"date":"2024-10-16T08:43:27","date_gmt":"2024-10-16T08:43:27","guid":{"rendered":"https:\/\/aa.plastisolink.us\/?post_type=product&#038;p=12084"},"modified":"2025-08-20T09:02:44","modified_gmt":"2025-08-20T09:02:44","slug":"misturando-tinta-plastisol-para-serigrafia-branca","status":"publish","type":"product","link":"https:\/\/plastisolink.us\/pt\/produto\/misturando-tinta-plastisol-para-serigrafia-branca\/","title":{"rendered":"Misturando Tinta Plastisol Branca para Serigrafia"},"content":{"rendered":"","protected":false},"excerpt":{"rendered":"<div class=\"flex-shrink-0 flex flex-col relative items-end\">\n<div>\n<div class=\"pt-0\">\n<div class=\"gizmo-bot-avatar flex h-8 w-8 items-center justify-center overflow-hidden rounded-full\">\n<div class=\"relative p-1 rounded-sm flex items-center justify-center bg-token-main-surface-primary text-token-text-primary h-8 w-8\"><\/div>\n<\/div>\n<\/div>\n<\/div>\n<\/div>\n<div class=\"group\/conversation-turn relative flex w-full min-w-0 flex-col agent-turn\">\n<div class=\"flex-col gap-1 md:gap-3\">\n<div class=\"flex max-w-full flex-col flex-grow\">\n<div class=\"min-h-8 text-message flex w-full flex-col items-end gap-2 whitespace-normal break-words [.text-message+&amp;]:mt-5\" dir=\"auto\" data-message-author-role=\"assistant\" data-message-id=\"b5429fa1-94f8-4aa5-bcc0-56dd5588bdf5\" data-message-model-slug=\"gpt-4o\">\n<div class=\"flex w-full flex-col gap-1 empty:hidden first:pt-[3px]\">\n<div class=\"markdown prose w-full break-words dark:prose-invert light\">\n<p>Misturar <strong><a href=\"https:\/\/plastisolink.us\/pt\/melhor-tinta-plastisol-branca-atacado\/\">Tinta Plastisol Branca<\/a><\/strong> \u00e9 uma tinta vers\u00e1til, projetada para ser usada como base na cria\u00e7\u00e3o de cores personalizadas. \u00c9 tipicamente usada em combina\u00e7\u00e3o com outros pigmentos de plastisol ou concentrados de cor, permitindo que os serigrafistas alcancem uma ampla gama de tons, mantendo uma consist\u00eancia suave e f\u00e1cil de imprimir. Como uma global <a href=\"https:\/\/plastisolink.us\/pt\/\"><strong>Personalizado<\/strong> <strong>F\u00e1brica de Tinta para Serigrafia<\/strong><\/a> de tinta para serigrafia superior, a Ecoprinting traz uma resposta focada em produtividade, consist\u00eancia e responsabilidade ambiental.<\/p>\n<p><img fetchpriority=\"high\" decoding=\"async\" class=\"alignnone wp-image-15224\" src=\"https:\/\/plastisolink.us\/wp-content\/uploads\/2024\/10\/Mixing-White-Screen-Printing-Plastisol-Ink-528x600.jpg\" alt=\"Misturando Tinta Plastisol Branca para Serigrafia\" width=\"282\" height=\"320\" srcset=\"https:\/\/plastisolink.us\/wp-content\/uploads\/2024\/10\/Mixing-White-Screen-Printing-Plastisol-Ink-528x600.jpg 528w, https:\/\/plastisolink.us\/wp-content\/uploads\/2024\/10\/Mixing-White-Screen-Printing-Plastisol-Ink-901x1024.jpg 901w, https:\/\/plastisolink.us\/wp-content\/uploads\/2024\/10\/Mixing-White-Screen-Printing-Plastisol-Ink-768x873.jpg 768w, https:\/\/plastisolink.us\/wp-content\/uploads\/2024\/10\/Mixing-White-Screen-Printing-Plastisol-Ink-1351x1536.jpg 1351w, https:\/\/plastisolink.us\/wp-content\/uploads\/2024\/10\/Mixing-White-Screen-Printing-Plastisol-Ink-600x682.jpg 600w, https:\/\/plastisolink.us\/wp-content\/uploads\/2024\/10\/Mixing-White-Screen-Printing-Plastisol-Ink.jpg 1780w\" sizes=\"(max-width: 282px) 100vw, 282px\" \/><\/p>\n<h3>Caracter\u00edsticas da Tinta de Plastisol Branca para Mistura:<\/h3>\n<ol>\n<li><strong>Base Branca Neutra<\/strong>: Esta tinta fornece uma base branca neutra que se mistura facilmente com pigmentos, permitindo uma mistura de cores consistente.<\/li>\n<li><strong>Toque Macio<\/strong>: A tinta \u00e9 formulada para manter um toque suave, mesmo quando misturada com v\u00e1rias cores.<\/li>\n<li><strong>Textura Lisa<\/strong>: Garante f\u00e1cil mistura e impress\u00e3o, fornecendo dep\u00f3sitos de tinta uniformes.<\/li>\n<li><strong>Opacidade Personaliz\u00e1vel<\/strong>: Dependendo da propor\u00e7\u00e3o de pigmentos adicionados, voc\u00ea pode alcan\u00e7ar diferentes n\u00edveis de opacidade, tornando-a adapt\u00e1vel para impress\u00f5es ousadas e sutis.<\/li>\n<li><strong>Dur\u00e1vel e Flex\u00edvel<\/strong>: Oferece excelente elasticidade e durabilidade, garantindo que as impress\u00f5es permane\u00e7am vibrantes e intactas ap\u00f3s v\u00e1rias lavagens.<\/li>\n<\/ol>\n<h3>Benef\u00edcios:<\/h3>\n<ul>\n<li><strong>Cria\u00e7\u00e3o de Cores Personalizadas<\/strong>: A mistura de branco \u00e9 essencial para alcan\u00e7ar tons personalizados, mantendo as propriedades da tinta consistentes em diferentes impress\u00f5es.<\/li>\n<li><strong>Consist\u00eancia<\/strong>: Mistura-se suavemente com pigmentos e aditivos para criar uma mistura de cores uniforme, reduzindo o risco de separa\u00e7\u00e3o de cores.<\/li>\n<li><strong>Versatilidade<\/strong>: Adequado para uma ampla gama de substratos, do algod\u00e3o a misturas de poli\u00e9ster, quando combinado com os pigmentos certos.<\/li>\n<li><strong>Controle Aprimorado<\/strong>: Fornece mais controle sobre a opacidade e o acabamento da tinta quando usada para aplica\u00e7\u00f5es de sub-base e camada superior.<\/li>\n<\/ul>\n<p><img decoding=\"async\" class=\"alignnone wp-image-15225\" src=\"https:\/\/plastisolink.us\/wp-content\/uploads\/2024\/10\/Mixing-White-Screen-Printing-Plastisol-Ink-1-587x600.jpg\" alt=\"Misturando Tinta Plastisol Branca para Serigrafia\" width=\"258\" height=\"264\" srcset=\"https:\/\/plastisolink.us\/wp-content\/uploads\/2024\/10\/Mixing-White-Screen-Printing-Plastisol-Ink-1-587x600.jpg 587w, https:\/\/plastisolink.us\/wp-content\/uploads\/2024\/10\/Mixing-White-Screen-Printing-Plastisol-Ink-1-1003x1024.jpg 1003w, https:\/\/plastisolink.us\/wp-content\/uploads\/2024\/10\/Mixing-White-Screen-Printing-Plastisol-Ink-1-768x784.jpg 768w, https:\/\/plastisolink.us\/wp-content\/uploads\/2024\/10\/Mixing-White-Screen-Printing-Plastisol-Ink-1-1504x1536.jpg 1504w, https:\/\/plastisolink.us\/wp-content\/uploads\/2024\/10\/Mixing-White-Screen-Printing-Plastisol-Ink-1-2005x2048.jpg 2005w, https:\/\/plastisolink.us\/wp-content\/uploads\/2024\/10\/Mixing-White-Screen-Printing-Plastisol-Ink-1-600x613.jpg 600w\" sizes=\"(max-width: 258px) 100vw, 258px\" \/><\/p>\n<h3>Especifica\u00e7\u00f5es T\u00e9cnicas:<\/h3>\n<ul>\n<li><strong>Temperatura de Secagem Superficial<\/strong>: Cerca de 71\u00b0C (160\u00b0F)<\/li>\n<li><strong>Temperatura de Cura<\/strong>: 320\u00b0F (160\u00b0C) para uma cura completa<\/li>\n<li><strong>Propor\u00e7\u00f5es de Pigmento Recomendadas<\/strong>: Normalmente, uma carga de pigmento de 10\u201315% \u00e9 misturada com a base branca para uma intensidade de cor ideal, mas pode ser ajustada com base na tonalidade e opacidade desejadas.<\/li>\n<li><strong>Malha Recomendada<\/strong>: 160\u2013230 mesh para detalhes finos e impress\u00f5es suaves<\/li>\n<li><strong>Raspador<\/strong>: Recomenda-se uma esp\u00e1tula de durometer m\u00e9dio (70\/80) para a maioria das aplica\u00e7\u00f5es<\/li>\n<li><strong>Tempo de Secagem Flash<\/strong>: Normalmente seca em 2\u20134 segundos a 160\u00b0F<\/li>\n<\/ul>\n<h3>Boas Pr\u00e1ticas:<\/h3>\n<ul>\n<li><strong>Consist\u00eancia de Cor<\/strong>: Misture sempre as cores completamente e fa\u00e7a uma impress\u00e3o de teste antes de executar grandes trabalhos de produ\u00e7\u00e3o para garantir que a cor desejada seja alcan\u00e7ada.<\/li>\n<li><strong>Propor\u00e7\u00f5es Adequadas<\/strong>: Certifique-se de que os pigmentos ou concentrados sejam medidos com precis\u00e3o para a repetibilidade da cor.<\/li>\n<li><strong>Armazenamento<\/strong>: Armazene a tinta misturada em local fresco e seco e sele-a adequadamente para manter sua qualidade ao longo do tempo.<\/li>\n<\/ul>\n<h3>Aplica\u00e7\u00f5es:<\/h3>\n<ul>\n<li><strong>Sub-base para Cores Personalizadas<\/strong>: A mistura de branco pode ser usada como base para a mistura de cores personalizadas, particularmente quando se trabalha com pe\u00e7as de vestu\u00e1rio de cores claras.<\/li>\n<li><strong>Camada Superior<\/strong>: Tamb\u00e9m pode servir como camada superior quando misturada com cores para criar tons sutis, semelhantes a past\u00e9is, ou para ajustar a opacidade de tons mais brilhantes.<\/li>\n<\/ul>\n<h3>Tecidos Recomendados:<\/h3>\n<ul>\n<li>Algod\u00e3o 100%<\/li>\n<li>Misturas de Algod\u00e3o\/Poli\u00e9ster<\/li>\n<li>Poli\u00e9ster<\/li>\n<\/ul>\n<\/div>\n<\/div>\n<\/div>\n<\/div>\n<\/div>\n<\/div>","protected":false},"featured_media":12085,"template":"","meta":{"site-sidebar-layout":"default","site-content-layout":"","ast-site-content-layout":"default","site-content-style":"default","site-sidebar-style":"default","ast-global-header-display":"","ast-banner-title-visibility":"","ast-main-header-display":"","ast-hfb-above-header-display":"","ast-hfb-below-header-display":"","ast-hfb-mobile-header-display":"","site-post-title":"","ast-breadcrumbs-content":"","ast-featured-img":"","footer-sml-layout":"","theme-transparent-header-meta":"default","adv-header-id-meta":"","stick-header-meta":"","header-above-stick-meta":"","header-main-stick-meta":"","header-below-stick-meta":"","astra-migrate-meta-layouts":"set","ast-page-background-enabled":"default","ast-page-background-meta":{"desktop":{"background-color":"var(--ast-global-color-4)","background-image":"","background-repeat":"repeat","background-position":"center center","background-size":"auto","background-attachment":"scroll","background-type":"","background-media":"","overlay-type":"","overlay-color":"","overlay-opacity":"","overlay-gradient":""},"tablet":{"background-color":"","background-image":"","background-repeat":"repeat","background-position":"center center","background-size":"auto","background-attachment":"scroll","background-type":"","background-media":"","overlay-type":"","overlay-color":"","overlay-opacity":"","overlay-gradient":""},"mobile":{"background-color":"","background-image":"","background-repeat":"repeat","background-position":"center center","background-size":"auto","background-attachment":"scroll","background-type":"","background-media":"","overlay-type":"","overlay-color":"","overlay-opacity":"","overlay-gradient":""}},"ast-content-background-meta":{"desktop":{"background-color":"var(--ast-global-color-5)","background-image":"","background-repeat":"repeat","background-position":"center center","background-size":"auto","background-attachment":"scroll","background-type":"","background-media":"","overlay-type":"","overlay-color":"","overlay-opacity":"","overlay-gradient":""},"tablet":{"background-color":"var(--ast-global-color-5)","background-image":"","background-repeat":"repeat","background-position":"center center","background-size":"auto","background-attachment":"scroll","background-type":"","background-media":"","overlay-type":"","overlay-color":"","overlay-opacity":"","overlay-gradient":""},"mobile":{"background-color":"var(--ast-global-color-5)","background-image":"","background-repeat":"repeat","background-position":"center center","background-size":"auto","background-attachment":"scroll","background-type":"","background-media":"","overlay-type":"","overlay-color":"","overlay-opacity":"","overlay-gradient":""}}},"product_brand":[],"product_cat":[122],"product_tag":[],"class_list":{"0":"post-12084","1":"product","2":"type-product","3":"status-publish","4":"has-post-thumbnail","6":"product_cat-white-plastisol-ink","7":"desktop-align-center","8":"tablet-align-left","9":"mobile-align-left","11":"first","12":"instock","13":"shipping-taxable","14":"product-type-simple"},"_links":{"self":[{"href":"https:\/\/plastisolink.us\/pt\/wp-json\/wp\/v2\/product\/12084","targetHints":{"allow":["GET"]}}],"collection":[{"href":"https:\/\/plastisolink.us\/pt\/wp-json\/wp\/v2\/product"}],"about":[{"href":"https:\/\/plastisolink.us\/pt\/wp-json\/wp\/v2\/types\/product"}],"version-history":[{"count":4,"href":"https:\/\/plastisolink.us\/pt\/wp-json\/wp\/v2\/product\/12084\/revisions"}],"predecessor-version":[{"id":15286,"href":"https:\/\/plastisolink.us\/pt\/wp-json\/wp\/v2\/product\/12084\/revisions\/15286"}],"wp:featuredmedia":[{"embeddable":true,"href":"https:\/\/plastisolink.us\/pt\/wp-json\/wp\/v2\/media\/12085"}],"wp:attachment":[{"href":"https:\/\/plastisolink.us\/pt\/wp-json\/wp\/v2\/media?parent=12084"}],"wp:term":[{"taxonomy":"product_brand","embeddable":true,"href":"https:\/\/plastisolink.us\/pt\/wp-json\/wp\/v2\/product_brand?post=12084"},{"taxonomy":"product_cat","embeddable":true,"href":"https:\/\/plastisolink.us\/pt\/wp-json\/wp\/v2\/product_cat?post=12084"},{"taxonomy":"product_tag","embeddable":true,"href":"https:\/\/plastisolink.us\/pt\/wp-json\/wp\/v2\/product_tag?post=12084"}],"curies":[{"name":"wp","href":"https:\/\/api.w.org\/{rel}","templated":true}]}}