 {"id":12068,"date":"2024-10-15T05:53:13","date_gmt":"2024-10-15T05:53:13","guid":{"rendered":"https:\/\/aa.plastisolink.us\/?post_type=product&#038;p=12068"},"modified":"2025-08-15T03:49:46","modified_gmt":"2025-08-15T03:49:46","slug":"tintas-plastisol-serigraficas-prata-metalico","status":"publish","type":"product","link":"https:\/\/plastisolink.us\/pt\/produto\/tintas-plastisol-serigraficas-prata-metalico\/","title":{"rendered":"Tintas Plastisol Prateadas Met\u00e1licas para Serigrafia"},"content":{"rendered":"","protected":false},"excerpt":{"rendered":"<p><strong>Tintas Plastisol para Serigrafia em Prata Met\u00e1lica<\/strong><\/p>\n<p>Eleve seus projetos de impress\u00e3o com o brilho luxuoso de <a href=\"https:\/\/plastisolink.us\/pt\/tinta-serigrafica-dourada-sem-pvc-tinta-especial\/\"><strong>Tintas Plastisol para Serigrafia em Prata Met\u00e1lica<\/strong><\/a>. Projetadas para proporcionar uma qualidade marcante e reflexiva, essas tintas s\u00e3o perfeitas para adicionar um toque de sofistica\u00e7\u00e3o e modernidade aos seus designs. Se voc\u00ea est\u00e1 trabalhando em pe\u00e7as de vestu\u00e1rio, materiais promocionais ou cria\u00e7\u00f5es art\u00edsticas, as Tintas Prata Met\u00e1lica oferecem um acabamento brilhante e polido que capta a luz e a aten\u00e7\u00e3o. Como uma empresa global <strong><a href=\"https:\/\/plastisolink.us\/pt\/\">Fabricante e F\u00e1brica de Tinta para Serigrafia<\/a><\/strong> de tinta para serigrafia superior, a Ecoprinting traz uma resposta focada em produtividade, consist\u00eancia e responsabilidade ambiental.<\/p>\n<p><img fetchpriority=\"high\" decoding=\"async\" class=\"alignnone  wp-image-15176\" src=\"https:\/\/plastisolink.us\/wp-content\/uploads\/2024\/10\/Metallic-silver-Screen-Printing-Plastisol-Inks-600x433.png\" alt=\"Tintas Plastisol Prateadas Met\u00e1licas para Serigrafia\" width=\"272\" height=\"196\" srcset=\"https:\/\/plastisolink.us\/wp-content\/uploads\/2024\/10\/Metallic-silver-Screen-Printing-Plastisol-Inks-600x433.png 600w, https:\/\/plastisolink.us\/wp-content\/uploads\/2024\/10\/Metallic-silver-Screen-Printing-Plastisol-Inks.png 695w\" sizes=\"(max-width: 272px) 100vw, 272px\" \/><\/p>\n<p>A versatilidade das Tintas Prata Met\u00e1lica as torna uma favorita entre os serigrafistas. Adequadas para uso em v\u00e1rios tecidos \u2014 incluindo algod\u00e3o, poli\u00e9ster e misturas \u2014, essas tintas oferecem ades\u00e3o e cobertura excepcionais. A formula\u00e7\u00e3o \u00fanica garante que voc\u00ea obtenha um efeito met\u00e1lico deslumbrante que real\u00e7a qualquer design, de gr\u00e1ficos ousados a detalhes delicados.<\/p>\n<p><strong>Principais Caracter\u00edsticas:<\/strong><\/p>\n<ol>\n<li><strong>Acabamento Reflexivo Brilhante<\/strong>: O pigmento rico em prata met\u00e1lica cria uma superf\u00edcie de alto brilho que real\u00e7a suas impress\u00f5es, tornando-as visualmente din\u00e2micas e cativantes. A qualidade reflexiva desta tinta garante que seus designs captem a luz lindamente, adicionando profundidade \u00e0 sua arte.<\/li>\n<li><strong>Compatibilidade Vers\u00e1til com Tecidos<\/strong>: Essas tintas aderem perfeitamente a uma ampla gama de materiais, incluindo algod\u00e3o, poli\u00e9ster e tecidos mistos. Essa flexibilidade permite que voc\u00ea use as Tintas Prata Met\u00e1lica para v\u00e1rias aplica\u00e7\u00f5es, de camisetas e moletons a bolsas e itens promocionais.<\/li>\n<li><strong>Aplica\u00e7\u00e3o Suave<\/strong>: As Tintas Prata Met\u00e1lica s\u00e3o formuladas para f\u00e1cil uso, proporcionando uma textura cremosa e suave que flui sem esfor\u00e7o pelas telas. Isso reduz o risco de entupimento e garante uma aplica\u00e7\u00e3o consistente para um acabamento impec\u00e1vel.<\/li>\n<li><strong>Cobertura Excepcional<\/strong>: Projetadas para excelente opacidade, essas tintas mant\u00eam sua vibra\u00e7\u00e3o e visibilidade em tecidos claros e escuros. A rica pigmenta\u00e7\u00e3o garante que suas impress\u00f5es met\u00e1licas permane\u00e7am n\u00edtidas e definidas, independentemente da cor de fundo.<\/li>\n<li><strong>Toque Macio<\/strong>: Apesar de sua natureza met\u00e1lica, essas tintas oferecem uma sensa\u00e7\u00e3o macia e confort\u00e1vel na roupa, garantindo que suas impress\u00f5es n\u00e3o sejam apenas deslumbrantes, mas tamb\u00e9m agrad\u00e1veis de usar.<\/li>\n<li><strong>Dur\u00e1vel e de Longa Dura\u00e7\u00e3o<\/strong>: Projetadas para resist\u00eancia, as Tintas Prata Met\u00e1lica resistem a lavagens repetidas, mantendo seu brilho. As tintas resistem a rachaduras, descama\u00e7\u00f5es e desbotamentos, garantindo que seus designs mantenham seu brilho ao longo do tempo.<\/li>\n<li><strong>Cura Eficiente<\/strong>: Curando a 160\u00b0C (320\u00b0F), essas tintas s\u00e3o projetadas para ciclos de produ\u00e7\u00e3o r\u00e1pidos sem sacrificar a qualidade. O processo de cura confi\u00e1vel fixa o brilho met\u00e1lico, garantindo durabilidade e resist\u00eancia \u00e0 lavagem.<\/li>\n<li><strong>Acabamento Personaliz\u00e1vel<\/strong>: Escolha entre acabamentos brilhantes e foscos para complementar perfeitamente a vis\u00e3o do seu design. A flexibilidade para ajustar o brilho permite que voc\u00ea crie impress\u00f5es que combinam com sua est\u00e9tica \u00fanica.<\/li>\n<\/ol>\n<p><strong>Dicas de Aplica\u00e7\u00e3o:<\/strong><\/p>\n<ul>\n<li><strong>Contagem de malha<\/strong>: Para melhores resultados, use uma contagem de malha de 86 a 110. Essa faixa permite uma deposi\u00e7\u00e3o adequada de tinta, preservando os detalhes finos do seu design.<\/li>\n<li><strong>Processo de Cura<\/strong>: Certifique-se de que a tinta cure completamente a 160\u00b0C (320\u00b0F) para evitar qualquer perda de vibra\u00e7\u00e3o ou desbotamento prematuro. A cura adequada \u00e9 cr\u00edtica para resultados duradouros.<\/li>\n<li><strong>Camadas e Misturas<\/strong>: As Tintas Prata Met\u00e1lica podem ser misturadas com outras tintas plastisol para criar tons e efeitos personalizados. Experimente camadas para adicionar dimens\u00e3o e complexidade aos seus designs.<\/li>\n<\/ul>\n<p><strong>Armazenamento e Manuten\u00e7\u00e3o<\/strong>:<br \/>\nPara manter a qualidade de suas Tintas Prata Met\u00e1lica, guarde-as em local fresco e seco. Mexa bem antes de cada uso para garantir a distribui\u00e7\u00e3o uniforme dos pigmentos met\u00e1licos. Limpe as telas e as ferramentas imediatamente ap\u00f3s o uso para evitar o ac\u00famulo de tinta e prolongar a vida \u00fatil de seus equipamentos.<\/p>\n<p><img decoding=\"async\" class=\"alignnone  wp-image-15175\" src=\"https:\/\/plastisolink.us\/wp-content\/uploads\/2024\/10\/Metallic-silver-Screen-Printing-Plastisol-Inks-600x462.jpeg\" alt=\"Tintas Plastisol Prateadas Met\u00e1licas para Serigrafia\" width=\"256\" height=\"197\" srcset=\"https:\/\/plastisolink.us\/wp-content\/uploads\/2024\/10\/Metallic-silver-Screen-Printing-Plastisol-Inks-600x462.jpeg 600w, https:\/\/plastisolink.us\/wp-content\/uploads\/2024\/10\/Metallic-silver-Screen-Printing-Plastisol-Inks-1024x789.jpeg 1024w, https:\/\/plastisolink.us\/wp-content\/uploads\/2024\/10\/Metallic-silver-Screen-Printing-Plastisol-Inks-768x591.jpeg 768w, https:\/\/plastisolink.us\/wp-content\/uploads\/2024\/10\/Metallic-silver-Screen-Printing-Plastisol-Inks-1536x1183.jpeg 1536w, https:\/\/plastisolink.us\/wp-content\/uploads\/2024\/10\/Metallic-silver-Screen-Printing-Plastisol-Inks-2048x1577.jpeg 2048w\" sizes=\"(max-width: 256px) 100vw, 256px\" \/><\/p>\n<p><strong>Por que escolher as Tintas Prata Met\u00e1lica?<\/strong><\/p>\n<p>As Tintas Plastisol para Serigrafia em Prata Met\u00e1lica oferecem a combina\u00e7\u00e3o perfeita de est\u00e9tica deslumbrante e desempenho superior. Com seu brilho brilhante, cobertura excelente e durabilidade duradoura, essas tintas permitem que os serigrafistas criem designs atraentes que deixam uma impress\u00e3o duradoura. Se voc\u00ea est\u00e1 buscando um visual elegante e moderno ou um acabamento cl\u00e1ssico e sofisticado, as Tintas Prata Met\u00e1lica s\u00e3o a escolha ideal para elevar seus projetos de impress\u00e3o.<\/p>\n<p>30. Com <strong>Tintas Prata Met\u00e1lica<\/strong>, voc\u00ea pode transformar designs comuns em declara\u00e7\u00f5es extraordin\u00e1rias que deslumbram e inspiram. D\u00ea vida \u00e0 sua vis\u00e3o com a eleg\u00e2ncia cintilante dessas tintas de serigrafia premium e veja suas cria\u00e7\u00f5es brilharem e se destacarem em qualquer multid\u00e3o.<\/p>\n<p><strong>Ilumine suas impress\u00f5es com a beleza requintada das Tintas Prata Met\u00e1lica \u2014 onde a sofistica\u00e7\u00e3o encontra a qualidade excepcional.<\/strong><\/p>","protected":false},"featured_media":12069,"template":"","meta":{"site-sidebar-layout":"default","site-content-layout":"","ast-site-content-layout":"default","site-content-style":"default","site-sidebar-style":"default","ast-global-header-display":"","ast-banner-title-visibility":"","ast-main-header-display":"","ast-hfb-above-header-display":"","ast-hfb-below-header-display":"","ast-hfb-mobile-header-display":"","site-post-title":"","ast-breadcrumbs-content":"","ast-featured-img":"","footer-sml-layout":"","theme-transparent-header-meta":"default","adv-header-id-meta":"","stick-header-meta":"","header-above-stick-meta":"","header-main-stick-meta":"","header-below-stick-meta":"","astra-migrate-meta-layouts":"set","ast-page-background-enabled":"default","ast-page-background-meta":{"desktop":{"background-color":"var(--ast-global-color-4)","background-image":"","background-repeat":"repeat","background-position":"center center","background-size":"auto","background-attachment":"scroll","background-type":"","background-media":"","overlay-type":"","overlay-color":"","overlay-opacity":"","overlay-gradient":""},"tablet":{"background-color":"","background-image":"","background-repeat":"repeat","background-position":"center center","background-size":"auto","background-attachment":"scroll","background-type":"","background-media":"","overlay-type":"","overlay-color":"","overlay-opacity":"","overlay-gradient":""},"mobile":{"background-color":"","background-image":"","background-repeat":"repeat","background-position":"center center","background-size":"auto","background-attachment":"scroll","background-type":"","background-media":"","overlay-type":"","overlay-color":"","overlay-opacity":"","overlay-gradient":""}},"ast-content-background-meta":{"desktop":{"background-color":"var(--ast-global-color-5)","background-image":"","background-repeat":"repeat","background-position":"center center","background-size":"auto","background-attachment":"scroll","background-type":"","background-media":"","overlay-type":"","overlay-color":"","overlay-opacity":"","overlay-gradient":""},"tablet":{"background-color":"var(--ast-global-color-5)","background-image":"","background-repeat":"repeat","background-position":"center center","background-size":"auto","background-attachment":"scroll","background-type":"","background-media":"","overlay-type":"","overlay-color":"","overlay-opacity":"","overlay-gradient":""},"mobile":{"background-color":"var(--ast-global-color-5)","background-image":"","background-repeat":"repeat","background-position":"center center","background-size":"auto","background-attachment":"scroll","background-type":"","background-media":"","overlay-type":"","overlay-color":"","overlay-opacity":"","overlay-gradient":""}}},"product_brand":[],"product_cat":[123],"product_tag":[],"class_list":{"0":"post-12068","1":"product","2":"type-product","3":"status-publish","4":"has-post-thumbnail","6":"product_cat-gold-silkscreen-ink","7":"desktop-align-center","8":"tablet-align-left","9":"mobile-align-left","11":"first","12":"instock","13":"shipping-taxable","14":"product-type-simple"},"_links":{"self":[{"href":"https:\/\/plastisolink.us\/pt\/wp-json\/wp\/v2\/product\/12068","targetHints":{"allow":["GET"]}}],"collection":[{"href":"https:\/\/plastisolink.us\/pt\/wp-json\/wp\/v2\/product"}],"about":[{"href":"https:\/\/plastisolink.us\/pt\/wp-json\/wp\/v2\/types\/product"}],"version-history":[{"count":5,"href":"https:\/\/plastisolink.us\/pt\/wp-json\/wp\/v2\/product\/12068\/revisions"}],"predecessor-version":[{"id":15177,"href":"https:\/\/plastisolink.us\/pt\/wp-json\/wp\/v2\/product\/12068\/revisions\/15177"}],"wp:featuredmedia":[{"embeddable":true,"href":"https:\/\/plastisolink.us\/pt\/wp-json\/wp\/v2\/media\/12069"}],"wp:attachment":[{"href":"https:\/\/plastisolink.us\/pt\/wp-json\/wp\/v2\/media?parent=12068"}],"wp:term":[{"taxonomy":"product_brand","embeddable":true,"href":"https:\/\/plastisolink.us\/pt\/wp-json\/wp\/v2\/product_brand?post=12068"},{"taxonomy":"product_cat","embeddable":true,"href":"https:\/\/plastisolink.us\/pt\/wp-json\/wp\/v2\/product_cat?post=12068"},{"taxonomy":"product_tag","embeddable":true,"href":"https:\/\/plastisolink.us\/pt\/wp-json\/wp\/v2\/product_tag?post=12068"}],"curies":[{"name":"wp","href":"https:\/\/api.w.org\/{rel}","templated":true}]}}