 {"id":12065,"date":"2024-10-15T05:50:10","date_gmt":"2024-10-15T05:50:10","guid":{"rendered":"https:\/\/aa.plastisolink.us\/?post_type=product&#038;p=12065"},"modified":"2025-08-15T03:55:19","modified_gmt":"2025-08-15T03:55:19","slug":"tintas-plastiso-para-serigrafia-em-telas-metalicas-blaze","status":"publish","type":"product","link":"https:\/\/plastisolink.us\/pt\/produto\/tintas-plastiso-para-serigrafia-em-telas-metalicas-blaze\/","title":{"rendered":"Tintas Plastisol Met\u00e1licas para Serigrafia Blaze"},"content":{"rendered":"","protected":false},"excerpt":{"rendered":"<p><strong>Tintas Plastisol Met\u00e1licas para Serigrafia Blaze<\/strong><\/p>\n<p>Incendeie suas impress\u00f5es com o brilho intenso de <strong>Blaze <a href=\"https:\/\/plastisolink.us\/pt\/tinta-serigrafica-dourada-sem-pvc-tinta-especial\/\">Tintas Plastisol Met\u00e1licas para Serigrafia<\/a><\/strong>, projetadas para fazer suas cria\u00e7\u00f5es brilharem com intensidade e resplandecerem. Essas tintas oferecem um acabamento met\u00e1lico ousado e din\u00e2mico, perfeito para destacar seus designs com vibra\u00e7\u00e3o e impacto visual incompar\u00e1veis. Se voc\u00ea est\u00e1 trabalhando em pe\u00e7as de vestu\u00e1rio modernas, produtos promocionais ou projetos art\u00edsticos, as Tintas Met\u00e1licas Blaze proporcionam o acabamento deslumbrante que voc\u00ea precisa para diferenciar suas impress\u00f5es. Como uma empresa global <strong><a href=\"https:\/\/plastisolink.us\/pt\/\">Fabricante e F\u00e1brica de Tinta para Serigrafia<\/a><\/strong> de tinta para serigrafia superior, a Ecoprinting traz uma resposta focada em produtividade, consist\u00eancia e responsabilidade ambiental.<\/p>\n<p><img fetchpriority=\"high\" decoding=\"async\" class=\"alignnone  wp-image-15179\" src=\"https:\/\/plastisolink.us\/wp-content\/uploads\/2024\/10\/Blaze-Metallic-Screen-Printing-Plastisol-Inks-1-519x600.jpeg\" alt=\"Tintas Plastisol Met\u00e1licas para Serigrafia Blaze\" width=\"229\" height=\"265\" srcset=\"https:\/\/plastisolink.us\/wp-content\/uploads\/2024\/10\/Blaze-Metallic-Screen-Printing-Plastisol-Inks-1-519x600.jpeg 519w, https:\/\/plastisolink.us\/wp-content\/uploads\/2024\/10\/Blaze-Metallic-Screen-Printing-Plastisol-Inks-1-886x1024.jpeg 886w, https:\/\/plastisolink.us\/wp-content\/uploads\/2024\/10\/Blaze-Metallic-Screen-Printing-Plastisol-Inks-1-768x888.jpeg 768w, https:\/\/plastisolink.us\/wp-content\/uploads\/2024\/10\/Blaze-Metallic-Screen-Printing-Plastisol-Inks-1-1329x1536.jpeg 1329w, https:\/\/plastisolink.us\/wp-content\/uploads\/2024\/10\/Blaze-Metallic-Screen-Printing-Plastisol-Inks-1-1772x2048.jpeg 1772w, https:\/\/plastisolink.us\/wp-content\/uploads\/2024\/10\/Blaze-Metallic-Screen-Printing-Plastisol-Inks-1-600x694.jpeg 600w\" sizes=\"(max-width: 229px) 100vw, 229px\" \/><\/p>\n<p>Com suas ricas part\u00edculas met\u00e1licas reflexivas, as Tintas Met\u00e1licas Blaze oferecem uma apar\u00eancia marcante e de alto impacto que chama a aten\u00e7\u00e3o. As tintas s\u00e3o f\u00e1ceis de usar, proporcionando aplica\u00e7\u00e3o suave e excelente cobertura em v\u00e1rios tipos de tecido. Ideais para serigrafistas que desejam que seus designs fa\u00e7am uma declara\u00e7\u00e3o poderosa, as Tintas Met\u00e1licas Blaze oferecem o apelo est\u00e9tico e a durabilidade necess\u00e1rios para resultados profissionais de alta qualidade.<\/p>\n<p><strong>Principais Caracter\u00edsticas:<\/strong><\/p>\n<ol>\n<li><strong>Brilho Met\u00e1lico V\u00edvido<\/strong>: As Tintas Met\u00e1licas Blaze s\u00e3o repletas de pigmentos met\u00e1licos ousados e altamente reflexivos que criam um efeito deslumbrante em tecidos claros e escuros, tornando seus designs imposs\u00edveis de ignorar.<\/li>\n<li><strong>Cobertura Excepcional<\/strong>: Essas tintas oferecem opacidade superior, garantindo que seus designs met\u00e1licos permane\u00e7am brilhantes e vis\u00edveis, mesmo em tecidos mais escuros. A rica pigmenta\u00e7\u00e3o garante cobertura total com o m\u00ednimo de passagens.<\/li>\n<li><strong>Compatibilidade Multi-Tecidos<\/strong>: Se voc\u00ea est\u00e1 imprimindo em algod\u00e3o, poli\u00e9ster ou misturas de tecidos, as Tintas Met\u00e1licas Blaze aderem lindamente a uma ampla gama de materiais, tornando-as vers\u00e1teis para v\u00e1rios projetos de serigrafia.<\/li>\n<li><strong>Aplica\u00e7\u00e3o Suave<\/strong>: Projetadas para facilitar o uso, essas tintas apresentam uma consist\u00eancia suave e cremosa que flui facilmente pelas telas, reduzindo a necessidade de ajustes e limpezas frequentes.<\/li>\n<li><strong>Durabilidade e Longevidade<\/strong>: As Tintas Met\u00e1licas Blaze s\u00e3o formuladas para resistir ao desgaste, mantendo sua vibra\u00e7\u00e3o ap\u00f3s lavagens repetidas. Elas ret\u00eam seu brilho met\u00e1lico ao longo do tempo, resistindo a rachaduras, descama\u00e7\u00f5es e desbotamentos.<\/li>\n<li><strong>Acabamento Din\u00e2mico<\/strong>: Dispon\u00edveis em op\u00e7\u00f5es brilhantes e foscas, as Tintas Met\u00e1licas Blaze permitem que voc\u00ea personalize a apar\u00eancia de sua impress\u00e3o, dando a voc\u00ea controle sobre o qu\u00e3o ousado ou sutil o efeito met\u00e1lico aparece em seu produto final.<\/li>\n<li><strong>F\u00f3rmula Resistente ao Calor<\/strong>: Essas tintas s\u00e3o resistentes ao calor e curam efetivamente em temperaturas de cura de plastisol padr\u00e3o, garantindo durabilidade e lavabilidade duradouras sem comprometer o acabamento met\u00e1lico.<\/li>\n<li><strong>Baixa Ader\u00eancia, Alta Efici\u00eancia<\/strong>: As Tintas Met\u00e1licas Blaze s\u00e3o projetadas com uma f\u00f3rmula de baixa ader\u00eancia, evitando o ac\u00famulo nas telas e tornando-as ideais para tiragens de produ\u00e7\u00e3o mais longas sem interrup\u00e7\u00f5es frequentes para limpeza.<\/li>\n<\/ol>\n<p><strong>Recomenda\u00e7\u00f5es de Aplica\u00e7\u00e3o:<\/strong><\/p>\n<ul>\n<li><strong>Contagem de malha<\/strong>: Para um desempenho met\u00e1lico ideal, recomenda-se uma contagem de malha entre 86 e 110. Essa faixa permite a deposi\u00e7\u00e3o adequada de tinta, preservando os detalhes do seu design.<\/li>\n<li><strong>Cura<\/strong>: Garanta a cura completa a 320\u00b0F (160\u00b0C) para durabilidade e para fixar o acabamento met\u00e1lico vibrante. A cura adequada \u00e9 essencial para evitar o desbotamento ou rachaduras ao longo do tempo.<\/li>\n<li><strong>Experimenta\u00e7\u00e3o<\/strong>: As Tintas Met\u00e1licas Blaze podem ser misturadas com outras tintas plastisol ou sobrepostas em cores diferentes para efeitos criativos. Use-as para acentuar designs ou criar uma apar\u00eancia totalmente met\u00e1lica que certamente chamar\u00e1 a aten\u00e7\u00e3o.<\/li>\n<\/ul>\n<p><strong>Armazenamento e Manuseio<\/strong>:<br \/>\nPara manter o desempenho m\u00e1ximo, armazene as Tintas Met\u00e1licas Blaze em local fresco e seco. Mexa bem antes de usar para distribuir uniformemente os pigmentos met\u00e1licos. Limpe as telas, rodo e outras ferramentas imediatamente ap\u00f3s cada uso para evitar a secagem e prolongar a vida \u00fatil de seus equipamentos.<\/p>\n<p><img decoding=\"async\" class=\"alignnone  wp-image-15178\" src=\"https:\/\/plastisolink.us\/wp-content\/uploads\/2024\/10\/Blaze-Metallic-Screen-Printing-Plastisol-Inks-600x535.jpeg\" alt=\"Tintas Plastisol Met\u00e1licas para Serigrafia Blaze\" width=\"241\" height=\"215\" srcset=\"https:\/\/plastisolink.us\/wp-content\/uploads\/2024\/10\/Blaze-Metallic-Screen-Printing-Plastisol-Inks-600x535.jpeg 600w, https:\/\/plastisolink.us\/wp-content\/uploads\/2024\/10\/Blaze-Metallic-Screen-Printing-Plastisol-Inks-1024x912.jpeg 1024w, https:\/\/plastisolink.us\/wp-content\/uploads\/2024\/10\/Blaze-Metallic-Screen-Printing-Plastisol-Inks-768x684.jpeg 768w, https:\/\/plastisolink.us\/wp-content\/uploads\/2024\/10\/Blaze-Metallic-Screen-Printing-Plastisol-Inks-1536x1368.jpeg 1536w, https:\/\/plastisolink.us\/wp-content\/uploads\/2024\/10\/Blaze-Metallic-Screen-Printing-Plastisol-Inks-2048x1825.jpeg 2048w\" sizes=\"(max-width: 241px) 100vw, 241px\" \/><\/p>\n<p><strong>Por que escolher as Tintas Met\u00e1licas Blaze?<\/strong><\/p>\n<p>As Tintas Plastisol Met\u00e1licas para Serigrafia Blaze s\u00e3o a solu\u00e7\u00e3o definitiva para serigrafistas que procuram adicionar acabamentos met\u00e1licos ousados e din\u00e2micos aos seus designs. Seus tons ricos e vibrantes e seu brilho reflexivo os tornam perfeitos para impress\u00f5es que precisam chamar a aten\u00e7\u00e3o, seja para roupas, itens promocionais ou pe\u00e7as de arte. Al\u00e9m de sua apar\u00eancia atraente, essas tintas oferecem desempenho profissional com cobertura superior, aplica\u00e7\u00e3o f\u00e1cil e durabilidade duradoura.<\/p>\n<p>Com as Tintas Met\u00e1licas Blaze, voc\u00ea n\u00e3o precisa comprometer o impacto visual e a qualidade. Essas tintas oferecem ambos, garantindo que seus designs n\u00e3o apenas se destaquem, mas tamb\u00e9m durem. Se voc\u00ea est\u00e1 imprimindo roupas de rua ousadas, materiais promocionais chamativos ou obras de arte exclusivas, <strong>Tintas Met\u00e1licas Blaze<\/strong> proporcionam o brilho explosivo e a ousadia que voc\u00ea precisa para tornar suas impress\u00f5es inesquec\u00edveis.<\/p>\n<p><strong>Incendeie seus designs com as Tintas Met\u00e1licas Blaze \u2014 onde o brilho intenso encontra o desempenho excepcional.<\/strong><\/p>","protected":false},"featured_media":12066,"template":"","meta":{"site-sidebar-layout":"default","site-content-layout":"","ast-site-content-layout":"default","site-content-style":"default","site-sidebar-style":"default","ast-global-header-display":"","ast-banner-title-visibility":"","ast-main-header-display":"","ast-hfb-above-header-display":"","ast-hfb-below-header-display":"","ast-hfb-mobile-header-display":"","site-post-title":"","ast-breadcrumbs-content":"","ast-featured-img":"","footer-sml-layout":"","theme-transparent-header-meta":"default","adv-header-id-meta":"","stick-header-meta":"","header-above-stick-meta":"","header-main-stick-meta":"","header-below-stick-meta":"","astra-migrate-meta-layouts":"set","ast-page-background-enabled":"default","ast-page-background-meta":{"desktop":{"background-color":"var(--ast-global-color-4)","background-image":"","background-repeat":"repeat","background-position":"center center","background-size":"auto","background-attachment":"scroll","background-type":"","background-media":"","overlay-type":"","overlay-color":"","overlay-opacity":"","overlay-gradient":""},"tablet":{"background-color":"","background-image":"","background-repeat":"repeat","background-position":"center center","background-size":"auto","background-attachment":"scroll","background-type":"","background-media":"","overlay-type":"","overlay-color":"","overlay-opacity":"","overlay-gradient":""},"mobile":{"background-color":"","background-image":"","background-repeat":"repeat","background-position":"center center","background-size":"auto","background-attachment":"scroll","background-type":"","background-media":"","overlay-type":"","overlay-color":"","overlay-opacity":"","overlay-gradient":""}},"ast-content-background-meta":{"desktop":{"background-color":"var(--ast-global-color-5)","background-image":"","background-repeat":"repeat","background-position":"center center","background-size":"auto","background-attachment":"scroll","background-type":"","background-media":"","overlay-type":"","overlay-color":"","overlay-opacity":"","overlay-gradient":""},"tablet":{"background-color":"var(--ast-global-color-5)","background-image":"","background-repeat":"repeat","background-position":"center center","background-size":"auto","background-attachment":"scroll","background-type":"","background-media":"","overlay-type":"","overlay-color":"","overlay-opacity":"","overlay-gradient":""},"mobile":{"background-color":"var(--ast-global-color-5)","background-image":"","background-repeat":"repeat","background-position":"center center","background-size":"auto","background-attachment":"scroll","background-type":"","background-media":"","overlay-type":"","overlay-color":"","overlay-opacity":"","overlay-gradient":""}}},"product_brand":[],"product_cat":[123],"product_tag":[],"class_list":{"0":"post-12065","1":"product","2":"type-product","3":"status-publish","4":"has-post-thumbnail","6":"product_cat-gold-silkscreen-ink","7":"desktop-align-center","8":"tablet-align-left","9":"mobile-align-left","11":"first","12":"instock","13":"shipping-taxable","14":"product-type-simple"},"_links":{"self":[{"href":"https:\/\/plastisolink.us\/pt\/wp-json\/wp\/v2\/product\/12065","targetHints":{"allow":["GET"]}}],"collection":[{"href":"https:\/\/plastisolink.us\/pt\/wp-json\/wp\/v2\/product"}],"about":[{"href":"https:\/\/plastisolink.us\/pt\/wp-json\/wp\/v2\/types\/product"}],"version-history":[{"count":5,"href":"https:\/\/plastisolink.us\/pt\/wp-json\/wp\/v2\/product\/12065\/revisions"}],"predecessor-version":[{"id":15180,"href":"https:\/\/plastisolink.us\/pt\/wp-json\/wp\/v2\/product\/12065\/revisions\/15180"}],"wp:featuredmedia":[{"embeddable":true,"href":"https:\/\/plastisolink.us\/pt\/wp-json\/wp\/v2\/media\/12066"}],"wp:attachment":[{"href":"https:\/\/plastisolink.us\/pt\/wp-json\/wp\/v2\/media?parent=12065"}],"wp:term":[{"taxonomy":"product_brand","embeddable":true,"href":"https:\/\/plastisolink.us\/pt\/wp-json\/wp\/v2\/product_brand?post=12065"},{"taxonomy":"product_cat","embeddable":true,"href":"https:\/\/plastisolink.us\/pt\/wp-json\/wp\/v2\/product_cat?post=12065"},{"taxonomy":"product_tag","embeddable":true,"href":"https:\/\/plastisolink.us\/pt\/wp-json\/wp\/v2\/product_tag?post=12065"}],"curies":[{"name":"wp","href":"https:\/\/api.w.org\/{rel}","templated":true}]}}