 {"id":12062,"date":"2024-10-15T05:43:37","date_gmt":"2024-10-15T05:43:37","guid":{"rendered":"https:\/\/aa.plastisolink.us\/?post_type=product&#038;p=12062"},"modified":"2025-08-15T05:36:46","modified_gmt":"2025-08-15T05:36:46","slug":"nascer-do-sol-impressao-serigrafica-metalica-tintas-plastiso","status":"publish","type":"product","link":"https:\/\/plastisolink.us\/pt\/produto\/nascer-do-sol-impressao-serigrafica-metalica-tintas-plastiso\/","title":{"rendered":"Tintas Plastisol para Serigrafia Met\u00e1lica Sunrise"},"content":{"rendered":"","protected":false},"excerpt":{"rendered":"<p><strong>Tintas Plastisol para Serigrafia Met\u00e1lica Sunrise<\/strong><\/p>\n<p>Invista suas estampas com a energia radiante de um novo dia usando <strong>Sunrise <a href=\"https:\/\/plastisolink.us\/pt\/tinta-serigrafica-dourada-sem-pvc-tinta-especial\/\">Tintas Plastisol Met\u00e1licas para Serigrafia<\/a><\/strong>. Essas tintas s\u00e3o projetadas para trazer um brilho met\u00e1lico quente e radiante aos seus designs, perfeitas para criar estampas atraentes que refletem a beleza e o brilho do nascer do sol. Com sua mistura \u00fanica de pigmentos met\u00e1licos vibrantes, essas tintas s\u00e3o ideais para vestu\u00e1rio de moda, designs personalizados, itens promocionais e muito mais, oferecendo um acabamento brilhante que cativa o olhar e eleva qualquer projeto de impress\u00e3o.<\/p>\n<p>As Tintas Met\u00e1licas Sunrise combinam cobertura excepcional com facilidade de uso, tornando-as adequadas para serigrafistas iniciantes e experientes. As tintas proporcionam aplica\u00e7\u00e3o suave, excelente opacidade e durabilidade, garantindo que suas estampas mantenham seu brilho e resistam a desgastes e lavagens repetidas. Se voc\u00ea est\u00e1 criando pe\u00e7as ousadas ou destaques sutis, as Tintas Met\u00e1licas Sunrise d\u00e3o aos seus designs um visual fresco e luminoso que resiste ao teste do tempo. Como uma global <strong><a href=\"https:\/\/plastisolink.us\/pt\/\">Fabricante e F\u00e1brica de Tinta para Serigrafia<\/a><\/strong> de tinta para serigrafia superior, a Ecoprinting traz uma resposta focada em produtividade, consist\u00eancia e responsabilidade ambiental.<\/p>\n<p><img fetchpriority=\"high\" decoding=\"async\" class=\"alignnone  wp-image-15183\" src=\"https:\/\/plastisolink.us\/wp-content\/uploads\/2024\/10\/Sunrise-Metallic-Screen-Printing-Plastisol-Inks-1-600x576.jpeg\" alt=\"Tintas Plastisol para Serigrafia Met\u00e1lica Sunrise\" width=\"261\" height=\"250\" srcset=\"https:\/\/plastisolink.us\/wp-content\/uploads\/2024\/10\/Sunrise-Metallic-Screen-Printing-Plastisol-Inks-1-600x576.jpeg 600w, https:\/\/plastisolink.us\/wp-content\/uploads\/2024\/10\/Sunrise-Metallic-Screen-Printing-Plastisol-Inks-1-1024x984.jpeg 1024w, https:\/\/plastisolink.us\/wp-content\/uploads\/2024\/10\/Sunrise-Metallic-Screen-Printing-Plastisol-Inks-1-768x738.jpeg 768w, https:\/\/plastisolink.us\/wp-content\/uploads\/2024\/10\/Sunrise-Metallic-Screen-Printing-Plastisol-Inks-1-1536x1475.jpeg 1536w, https:\/\/plastisolink.us\/wp-content\/uploads\/2024\/10\/Sunrise-Metallic-Screen-Printing-Plastisol-Inks-1-2048x1967.jpeg 2048w\" sizes=\"(max-width: 261px) 100vw, 261px\" \/><\/p>\n<p><strong>Principais Caracter\u00edsticas:<\/strong><\/p>\n<ol>\n<li><strong>Brilho Met\u00e1lico Quente<\/strong>: Os pigmentos met\u00e1licos dourado-laranja \u00fanicos das Tintas Met\u00e1licas Sunrise d\u00e3o aos seus designs um brilho suave e radiante, que lembra o sol da manh\u00e3. Esse acabamento adiciona calor e profundidade \u00e0s suas estampas, tornando-as visualmente impressionantes.<\/li>\n<li><strong>Uso Vers\u00e1til em Tecidos<\/strong>: Essas tintas s\u00e3o compat\u00edveis com uma ampla variedade de tecidos, incluindo algod\u00e3o, poli\u00e9ster e misturas. Se voc\u00ea est\u00e1 imprimindo em camisetas, moletons ou acess\u00f3rios, as Tintas Met\u00e1licas Sunrise proporcionam excelente ades\u00e3o e flexibilidade.<\/li>\n<li><strong>Aplica\u00e7\u00e3o Suave e Consistente<\/strong>: A consist\u00eancia suave da tinta garante um fluxo f\u00e1cil pela tela, reduzindo entupimentos e permitindo uma aplica\u00e7\u00e3o uniforme durante longas tiragens de produ\u00e7\u00e3o.<\/li>\n<li><strong>Cobertura Intensa<\/strong>: As Tintas Met\u00e1licas Sunrise oferecem opacidade excepcional, proporcionando cobertura rica e consistente em tecidos claros e escuros. Suas estampas met\u00e1licas ir\u00e3o destacar-se, independentemente da cor de fundo.<\/li>\n<li><strong>Toque Macio<\/strong>: Apesar de sua apar\u00eancia brilhante, essas tintas mant\u00eam uma sensa\u00e7\u00e3o macia e confort\u00e1vel ao toque, que n\u00e3o sacrifica o conforto da pe\u00e7a de vestu\u00e1rio. Seus designs ficar\u00e3o deslumbrantes sem parecer pesados ou r\u00edgidos.<\/li>\n<li><strong>Brilho duradouro<\/strong>: Formuladas para durabilidade, essas tintas ret\u00eam seu brilho radiante ap\u00f3s lavagens repetidas, sem rachaduras ou desbotamento, garantindo que suas estampas permane\u00e7am t\u00e3o vibrantes quanto no dia em que foram impressas.<\/li>\n<li><strong>Efici\u00eancia de Cura<\/strong>: Com uma exig\u00eancia de cura a calor de 320\u00b0F (160\u00b0C), as Tintas Met\u00e1licas Sunrise curam r\u00e1pida e eficientemente, fixando seu brilho met\u00e1lico e garantindo um acabamento dur\u00e1vel e resistente \u00e0 lavagem.<\/li>\n<li><strong>Acabamentos Personaliz\u00e1veis<\/strong>: Escolha entre acabamentos brilhantes e foscos para atender \u00e0s suas necessidades espec\u00edficas de design. Se voc\u00ea deseja um visual altamente brilhante e reflexivo ou um brilho mais suave, essas tintas podem ser adaptadas ao seu projeto.<\/li>\n<\/ol>\n<p><img decoding=\"async\" class=\"alignnone  wp-image-15182\" src=\"https:\/\/plastisolink.us\/wp-content\/uploads\/2024\/10\/Sunrise-Metallic-Screen-Printing-Plastisol-Inks-527x600.jpeg\" alt=\"Tintas Plastisol para Serigrafia Met\u00e1lica Sunrise\" width=\"242\" height=\"275\" srcset=\"https:\/\/plastisolink.us\/wp-content\/uploads\/2024\/10\/Sunrise-Metallic-Screen-Printing-Plastisol-Inks-527x600.jpeg 527w, https:\/\/plastisolink.us\/wp-content\/uploads\/2024\/10\/Sunrise-Metallic-Screen-Printing-Plastisol-Inks-900x1024.jpeg 900w, https:\/\/plastisolink.us\/wp-content\/uploads\/2024\/10\/Sunrise-Metallic-Screen-Printing-Plastisol-Inks-768x874.jpeg 768w, https:\/\/plastisolink.us\/wp-content\/uploads\/2024\/10\/Sunrise-Metallic-Screen-Printing-Plastisol-Inks-1350x1536.jpeg 1350w, https:\/\/plastisolink.us\/wp-content\/uploads\/2024\/10\/Sunrise-Metallic-Screen-Printing-Plastisol-Inks-1800x2048.jpeg 1800w, https:\/\/plastisolink.us\/wp-content\/uploads\/2024\/10\/Sunrise-Metallic-Screen-Printing-Plastisol-Inks-600x683.jpeg 600w\" sizes=\"(max-width: 242px) 100vw, 242px\" \/><\/p>\n<p><strong>Dicas de Aplica\u00e7\u00e3o:<\/strong><\/p>\n<ul>\n<li><strong>Contagem de malha<\/strong>: Para resultados \u00f3timos, recomendamos o uso de uma contagem de malha entre 86 e 110 para garantir a deposi\u00e7\u00e3o adequada das part\u00edculas met\u00e1licas, mantendo ao mesmo tempo detalhes n\u00edtidos em seu design.<\/li>\n<li><strong>Processo de Cura<\/strong>: Garanta a cura completa a 320\u00b0F (160\u00b0C) para fixar a tinta e evitar o desbotamento ou descama\u00e7\u00e3o prematuros. A cura adequada \u00e9 essencial para fixar o acabamento met\u00e1lico duradouro da tinta.<\/li>\n<li><strong>T\u00e9cnicas de Impress\u00e3o Criativas<\/strong>: Misture e combine as Tintas Met\u00e1licas Sunrise com outras tintas plastisol para criar tons ou efeitos personalizados. Voc\u00ea pode sobrepor o acabamento met\u00e1lico sobre outras cores para criar um contraste din\u00e2mico e brilhante que real\u00e7a seu design.<\/li>\n<\/ul>\n<p><strong>Armazenamento e Manuten\u00e7\u00e3o<\/strong>:<br \/>\nPara melhores resultados, armazene as Tintas Met\u00e1licas Sunrise em local fresco e seco. Mexa bem a tinta antes de cada uso para manter os pigmentos met\u00e1licos uniformemente distribu\u00eddos. Limpe suas telas e ferramentas imediatamente ap\u00f3s a impress\u00e3o para evitar o ac\u00famulo de tinta e prolongar a vida \u00fatil de seus equipamentos.<\/p>\n<p><strong>Por que escolher as Tintas Met\u00e1licas Sunrise?<\/strong><\/p>\n<p>As Tintas Plastisol Met\u00e1licas para Serigrafia Sunrise s\u00e3o perfeitas para quem deseja adicionar um brilho suave e quente \u00e0s suas estampas sem sacrificar a qualidade ou a facilidade de uso. O acabamento met\u00e1lico brilhante, combinado com opacidade e durabilidade superiores, as torna uma escolha vers\u00e1til para uma ampla gama de aplica\u00e7\u00f5es de impress\u00e3o. De roupas modernas a produtos promocionais exclusivos, essas tintas ajudam seus designs a brilhar com o brilho e o calor do sol nascente.<\/p>\n<p>Com sua aplica\u00e7\u00e3o suave, acabamento radiante e desempenho duradouro, <strong>Tintas Met\u00e1licas Sunrise<\/strong> s\u00e3o uma excelente escolha para serigrafistas que desejam criar estampas que n\u00e3o apenas se destacam, mas tamb\u00e9m resistem ao teste do tempo. Se voc\u00ea est\u00e1 procurando adicionar um brilho sutil ou uma declara\u00e7\u00e3o met\u00e1lica ousada, essas tintas oferecem a flexibilidade e a qualidade de que voc\u00ea precisa para fazer seus designs brilharem.<\/p>\n<p><strong>Deixe suas estampas brilharem com as Tintas Met\u00e1licas Sunrise \u2014 onde o calor radiante encontra o desempenho excepcional.<\/strong><\/p>","protected":false},"featured_media":12063,"template":"","meta":{"site-sidebar-layout":"default","site-content-layout":"","ast-site-content-layout":"default","site-content-style":"default","site-sidebar-style":"default","ast-global-header-display":"","ast-banner-title-visibility":"","ast-main-header-display":"","ast-hfb-above-header-display":"","ast-hfb-below-header-display":"","ast-hfb-mobile-header-display":"","site-post-title":"","ast-breadcrumbs-content":"","ast-featured-img":"","footer-sml-layout":"","theme-transparent-header-meta":"default","adv-header-id-meta":"","stick-header-meta":"","header-above-stick-meta":"","header-main-stick-meta":"","header-below-stick-meta":"","astra-migrate-meta-layouts":"set","ast-page-background-enabled":"default","ast-page-background-meta":{"desktop":{"background-color":"var(--ast-global-color-4)","background-image":"","background-repeat":"repeat","background-position":"center center","background-size":"auto","background-attachment":"scroll","background-type":"","background-media":"","overlay-type":"","overlay-color":"","overlay-opacity":"","overlay-gradient":""},"tablet":{"background-color":"","background-image":"","background-repeat":"repeat","background-position":"center center","background-size":"auto","background-attachment":"scroll","background-type":"","background-media":"","overlay-type":"","overlay-color":"","overlay-opacity":"","overlay-gradient":""},"mobile":{"background-color":"","background-image":"","background-repeat":"repeat","background-position":"center center","background-size":"auto","background-attachment":"scroll","background-type":"","background-media":"","overlay-type":"","overlay-color":"","overlay-opacity":"","overlay-gradient":""}},"ast-content-background-meta":{"desktop":{"background-color":"var(--ast-global-color-5)","background-image":"","background-repeat":"repeat","background-position":"center center","background-size":"auto","background-attachment":"scroll","background-type":"","background-media":"","overlay-type":"","overlay-color":"","overlay-opacity":"","overlay-gradient":""},"tablet":{"background-color":"var(--ast-global-color-5)","background-image":"","background-repeat":"repeat","background-position":"center center","background-size":"auto","background-attachment":"scroll","background-type":"","background-media":"","overlay-type":"","overlay-color":"","overlay-opacity":"","overlay-gradient":""},"mobile":{"background-color":"var(--ast-global-color-5)","background-image":"","background-repeat":"repeat","background-position":"center center","background-size":"auto","background-attachment":"scroll","background-type":"","background-media":"","overlay-type":"","overlay-color":"","overlay-opacity":"","overlay-gradient":""}}},"product_brand":[],"product_cat":[123],"product_tag":[],"class_list":{"0":"post-12062","1":"product","2":"type-product","3":"status-publish","4":"has-post-thumbnail","6":"product_cat-gold-silkscreen-ink","7":"desktop-align-center","8":"tablet-align-left","9":"mobile-align-left","11":"first","12":"instock","13":"shipping-taxable","14":"product-type-simple"},"_links":{"self":[{"href":"https:\/\/plastisolink.us\/pt\/wp-json\/wp\/v2\/product\/12062","targetHints":{"allow":["GET"]}}],"collection":[{"href":"https:\/\/plastisolink.us\/pt\/wp-json\/wp\/v2\/product"}],"about":[{"href":"https:\/\/plastisolink.us\/pt\/wp-json\/wp\/v2\/types\/product"}],"version-history":[{"count":5,"href":"https:\/\/plastisolink.us\/pt\/wp-json\/wp\/v2\/product\/12062\/revisions"}],"predecessor-version":[{"id":15184,"href":"https:\/\/plastisolink.us\/pt\/wp-json\/wp\/v2\/product\/12062\/revisions\/15184"}],"wp:featuredmedia":[{"embeddable":true,"href":"https:\/\/plastisolink.us\/pt\/wp-json\/wp\/v2\/media\/12063"}],"wp:attachment":[{"href":"https:\/\/plastisolink.us\/pt\/wp-json\/wp\/v2\/media?parent=12062"}],"wp:term":[{"taxonomy":"product_brand","embeddable":true,"href":"https:\/\/plastisolink.us\/pt\/wp-json\/wp\/v2\/product_brand?post=12062"},{"taxonomy":"product_cat","embeddable":true,"href":"https:\/\/plastisolink.us\/pt\/wp-json\/wp\/v2\/product_cat?post=12062"},{"taxonomy":"product_tag","embeddable":true,"href":"https:\/\/plastisolink.us\/pt\/wp-json\/wp\/v2\/product_tag?post=12062"}],"curies":[{"name":"wp","href":"https:\/\/api.w.org\/{rel}","templated":true}]}}