 {"id":12059,"date":"2024-10-15T05:40:39","date_gmt":"2024-10-15T05:40:39","guid":{"rendered":"https:\/\/aa.plastisolink.us\/?post_type=product&#038;p=12059"},"modified":"2025-08-15T05:44:29","modified_gmt":"2025-08-15T05:44:29","slug":"impressao-serigrafica-em-plastico-com-tinta-metalica-areia","status":"publish","type":"product","link":"https:\/\/plastisolink.us\/pt\/produto\/impressao-serigrafica-em-plastico-com-tinta-metalica-areia\/","title":{"rendered":"Tintas Plastisol Met\u00e1licas para Serigrafia Sandy"},"content":{"rendered":"","protected":false},"excerpt":{"rendered":"<p><strong>Tintas Plastisol Met\u00e1licas para Serigrafia Sandy<\/strong><\/p>\n<p>Traga um toque de eleg\u00e2ncia terrosa para suas impress\u00f5es com <strong>Sandy <a href=\"https:\/\/plastisolink.us\/pt\/tinta-serigrafica-dourada-sem-pvc-tinta-especial\/\">Tintas Plastisol Met\u00e1licas para Serigrafia<\/a><\/strong>. Essas tintas oferecem um acabamento met\u00e1lico quente e sutil, que lembra areias beijadas pelo sol, perfeito para adicionar um brilho refinado aos seus designs. Se voc\u00ea est\u00e1 criando roupas inspiradas na praia, acess\u00f3rios estilosos ou itens promocionais com um toque natural, as tintas met\u00e1licas Sandy oferecem um brilho met\u00e1lico \u00fanico e suave que real\u00e7a suas impress\u00f5es com um toque sofisticado e org\u00e2nico.<\/p>\n<p><img decoding=\"async\" class=\"alignnone  wp-image-15185\" src=\"https:\/\/plastisolink.us\/wp-content\/uploads\/2024\/10\/Sandy-Metallic-Screen-Printing-Plastisol-Inks-600x515.jpeg\" alt=\"Tintas Plastisol Met\u00e1licas para Serigrafia Sandy\" width=\"228\" height=\"195\" srcset=\"https:\/\/plastisolink.us\/wp-content\/uploads\/2024\/10\/Sandy-Metallic-Screen-Printing-Plastisol-Inks-600x515.jpeg 600w, https:\/\/plastisolink.us\/wp-content\/uploads\/2024\/10\/Sandy-Metallic-Screen-Printing-Plastisol-Inks-1024x879.jpeg 1024w, https:\/\/plastisolink.us\/wp-content\/uploads\/2024\/10\/Sandy-Metallic-Screen-Printing-Plastisol-Inks-768x659.jpeg 768w, https:\/\/plastisolink.us\/wp-content\/uploads\/2024\/10\/Sandy-Metallic-Screen-Printing-Plastisol-Inks-1536x1318.jpeg 1536w, https:\/\/plastisolink.us\/wp-content\/uploads\/2024\/10\/Sandy-Metallic-Screen-Printing-Plastisol-Inks-2048x1757.jpeg 2048w\" sizes=\"(max-width: 228px) 100vw, 228px\" \/><\/p>\n<p>As tintas met\u00e1licas Sandy s\u00e3o especialmente formuladas para aplica\u00e7\u00e3o suave e excelente cobertura em tecidos claros e escuros. Com seu acabamento met\u00e1lico distintivo e desempenho confi\u00e1vel, essas tintas s\u00e3o ideais para serigrafistas que procuram elevar seus designs com uma mistura de natureza e brilho. O brilho met\u00e1lico suave chama a aten\u00e7\u00e3o sem ser avassalador, tornando-o uma escolha vers\u00e1til para uma ampla gama de roupas e projetos criativos. Como uma global <strong><a href=\"https:\/\/plastisolink.us\/pt\/\">Fabricante e F\u00e1brica de Tinta para Serigrafia<\/a><\/strong> de tinta para serigrafia superior, a Ecoprinting traz uma resposta focada em produtividade, consist\u00eancia e responsabilidade ambiental.<\/p>\n<p><img decoding=\"async\" class=\"alignnone  wp-image-15186\" src=\"https:\/\/plastisolink.us\/wp-content\/uploads\/2024\/10\/Sandy-Metallic-Screen-Printing-Plastisol-Inks-1-600x345.jpeg\" alt=\"Tintas Plastisol Met\u00e1licas para Serigrafia Sandy\" width=\"232\" height=\"133\" srcset=\"https:\/\/plastisolink.us\/wp-content\/uploads\/2024\/10\/Sandy-Metallic-Screen-Printing-Plastisol-Inks-1-600x345.jpeg 600w, https:\/\/plastisolink.us\/wp-content\/uploads\/2024\/10\/Sandy-Metallic-Screen-Printing-Plastisol-Inks-1-1024x589.jpeg 1024w, https:\/\/plastisolink.us\/wp-content\/uploads\/2024\/10\/Sandy-Metallic-Screen-Printing-Plastisol-Inks-1-768x442.jpeg 768w, https:\/\/plastisolink.us\/wp-content\/uploads\/2024\/10\/Sandy-Metallic-Screen-Printing-Plastisol-Inks-1-1536x884.jpeg 1536w, https:\/\/plastisolink.us\/wp-content\/uploads\/2024\/10\/Sandy-Metallic-Screen-Printing-Plastisol-Inks-1-2048x1179.jpeg 2048w\" sizes=\"(max-width: 232px) 100vw, 232px\" \/><\/p>\n<p><strong>Principais Caracter\u00edsticas:<\/strong><\/p>\n<ol>\n<li><strong>Acabamento Met\u00e1lico Suave e Sutil<\/strong>: Inspiradas nas cores naturais da areia iluminada pelo sol, as tintas met\u00e1licas Sandy proporcionam um brilho met\u00e1lico suave que adiciona profundidade e textura \u00e0s suas impress\u00f5es. Os tons quentes e suaves oferecem um visual descontra\u00eddo, por\u00e9m luxuoso.<\/li>\n<li><strong>Compatibilidade Multi-Tecidos<\/strong>: Essas tintas funcionam lindamente em v\u00e1rios tecidos, incluindo algod\u00e3o, poli\u00e9ster e misturas, garantindo que seus designs ganhem vida em diferentes materiais com resultados consistentes.<\/li>\n<li><strong>Aplica\u00e7\u00e3o Suave e Cremosa<\/strong>: As tintas met\u00e1licas Sandy s\u00e3o formuladas para facilitar a impress\u00e3o, proporcionando um fluxo suave em prensas manuais e autom\u00e1ticas. Essa consist\u00eancia ajuda a reduzir o ac\u00famulo de tinta na tela e permite uma produ\u00e7\u00e3o perfeita.<\/li>\n<li><strong>Excelente Opacidade<\/strong>: Com cobertura excepcional, essas tintas met\u00e1licas t\u00eam bom desempenho em tecidos claros e escuros, garantindo que seus designs sejam v\u00edvidos e totalmente vis\u00edveis com o m\u00ednimo de esfor\u00e7o.<\/li>\n<li><strong>Toque Macio<\/strong>: Apesar de sua apar\u00eancia met\u00e1lica, as tintas met\u00e1licas Sandy mant\u00eam uma sensa\u00e7\u00e3o macia e flex\u00edvel, garantindo que suas impress\u00f5es sejam confort\u00e1veis \u200b\u200bde usar sem comprometer a qualidade do design.<\/li>\n<li><strong>Durabilidade duradoura<\/strong>: Essas tintas s\u00e3o projetadas para resistir ao teste do tempo, suportando lavagens repetidas sem perder seu acabamento met\u00e1lico suave. As tintas permanecem vibrantes e intactas, resistindo a rachaduras, descama\u00e7\u00f5es ou desbotamentos.<\/li>\n<li><strong>Resistente ao Calor e Lav\u00e1vel<\/strong>: Projetadas para cura a 320\u00b0F (160\u00b0C), as tintas met\u00e1licas Sandy fixam seu brilho e lavabilidade, garantindo desempenho duradouro com manuten\u00e7\u00e3o m\u00ednima.<\/li>\n<li><strong>Acabamento Personaliz\u00e1vel<\/strong>: Ajuste o brilho para combinar com sua vis\u00e3o com op\u00e7\u00f5es de acabamentos brilhantes e foscos. Se voc\u00ea deseja um brilho sutil ou um brilho met\u00e1lico mais pronunciado, essas tintas s\u00e3o vers\u00e1teis o suficiente para atender \u00e0s suas necessidades de design.<\/li>\n<\/ol>\n<p><strong>Dicas de Aplica\u00e7\u00e3o:<\/strong><\/p>\n<ul>\n<li><strong>Contagem de malha<\/strong>: Para melhores resultados, use uma contagem de malha entre 86 e 110. Isso permite a deposi\u00e7\u00e3o adequada de tinta, mantendo os detalhes finos do seu design.<\/li>\n<li><strong>Processo de Cura<\/strong>: Garanta a cura adequada a 320\u00b0F (160\u00b0C) para garantir que a tinta seja totalmente fixada. A cura completa evita o desbotamento ou deteriora\u00e7\u00e3o do acabamento met\u00e1lico ao longo do tempo.<\/li>\n<li><strong>Flexibilidade de Design<\/strong>: As tintas met\u00e1licas Sandy s\u00e3o perfeitas para sobreposi\u00e7\u00e3o ou mistura com outras tintas plastisol. Crie tons met\u00e1licos personalizados ou destaque elementos-chave do design misturando Sandy Metallic com outras tintas para um efeito mais din\u00e2mico.<\/li>\n<\/ul>\n<p><strong>Armazenamento e Manuseio<\/strong>:<br \/>\nPara manter a qualidade de suas tintas met\u00e1licas Sandy, armazene-as em um ambiente fresco e seco. Mexa bem antes de cada uso para garantir que as part\u00edculas met\u00e1licas estejam uniformemente distribu\u00eddas para uma impress\u00e3o consistente. Limpe suas telas e ferramentas imediatamente ap\u00f3s o uso para evitar o ac\u00famulo de tinta e prolongar a vida \u00fatil de seus equipamentos.<\/p>\n<p><strong>Por que escolher as tintas met\u00e1licas Sandy?<\/strong><\/p>\n<p>As tintas plastisol met\u00e1licas Sandy para serigrafia combinam o melhor dos dois mundos \u2014 um tom terroso e natural com um acabamento met\u00e1lico suave e brilhante. Essas tintas s\u00e3o perfeitas para serigrafistas que desejam adicionar um toque de calor e sofistica\u00e7\u00e3o \u00e0s suas impress\u00f5es sem sacrificar a durabilidade ou a facilidade de uso. Se voc\u00ea est\u00e1 trabalhando em designs modernos, roupas casuais ou obras de arte inspiradas na natureza, as tintas met\u00e1licas Sandy oferecem o equil\u00edbrio perfeito entre sutileza e brilho.<\/p>\n<p>Com sua aplica\u00e7\u00e3o suave, excelente opacidade e desempenho duradouro, <strong>Tintas Met\u00e1licas Sandy<\/strong> s\u00e3o uma solu\u00e7\u00e3o ideal para adicionar um toque met\u00e1lico \u00fanico e inspirado na natureza \u00e0s suas impress\u00f5es. De acess\u00f3rios estilosos a roupas ousadas e impactantes, essas tintas garantem que seus designs se destaquem, mantendo um visual refinado e elegante.<\/p>\n<p><strong>Adicione um toque de eleg\u00e2ncia natural \u00e0s suas impress\u00f5es com as tintas met\u00e1licas Sandy \u2014 onde o brilho sutil encontra a durabilidade atemporal.<\/strong><\/p>","protected":false},"featured_media":12060,"template":"","meta":{"site-sidebar-layout":"default","site-content-layout":"","ast-site-content-layout":"default","site-content-style":"default","site-sidebar-style":"default","ast-global-header-display":"","ast-banner-title-visibility":"","ast-main-header-display":"","ast-hfb-above-header-display":"","ast-hfb-below-header-display":"","ast-hfb-mobile-header-display":"","site-post-title":"","ast-breadcrumbs-content":"","ast-featured-img":"","footer-sml-layout":"","theme-transparent-header-meta":"default","adv-header-id-meta":"","stick-header-meta":"","header-above-stick-meta":"","header-main-stick-meta":"","header-below-stick-meta":"","astra-migrate-meta-layouts":"set","ast-page-background-enabled":"default","ast-page-background-meta":{"desktop":{"background-color":"var(--ast-global-color-4)","background-image":"","background-repeat":"repeat","background-position":"center center","background-size":"auto","background-attachment":"scroll","background-type":"","background-media":"","overlay-type":"","overlay-color":"","overlay-opacity":"","overlay-gradient":""},"tablet":{"background-color":"","background-image":"","background-repeat":"repeat","background-position":"center center","background-size":"auto","background-attachment":"scroll","background-type":"","background-media":"","overlay-type":"","overlay-color":"","overlay-opacity":"","overlay-gradient":""},"mobile":{"background-color":"","background-image":"","background-repeat":"repeat","background-position":"center center","background-size":"auto","background-attachment":"scroll","background-type":"","background-media":"","overlay-type":"","overlay-color":"","overlay-opacity":"","overlay-gradient":""}},"ast-content-background-meta":{"desktop":{"background-color":"var(--ast-global-color-5)","background-image":"","background-repeat":"repeat","background-position":"center center","background-size":"auto","background-attachment":"scroll","background-type":"","background-media":"","overlay-type":"","overlay-color":"","overlay-opacity":"","overlay-gradient":""},"tablet":{"background-color":"var(--ast-global-color-5)","background-image":"","background-repeat":"repeat","background-position":"center center","background-size":"auto","background-attachment":"scroll","background-type":"","background-media":"","overlay-type":"","overlay-color":"","overlay-opacity":"","overlay-gradient":""},"mobile":{"background-color":"var(--ast-global-color-5)","background-image":"","background-repeat":"repeat","background-position":"center center","background-size":"auto","background-attachment":"scroll","background-type":"","background-media":"","overlay-type":"","overlay-color":"","overlay-opacity":"","overlay-gradient":""}}},"product_brand":[],"product_cat":[123],"product_tag":[],"class_list":{"0":"post-12059","1":"product","2":"type-product","3":"status-publish","4":"has-post-thumbnail","6":"product_cat-gold-silkscreen-ink","7":"desktop-align-center","8":"tablet-align-left","9":"mobile-align-left","11":"first","12":"instock","13":"shipping-taxable","14":"product-type-simple"},"_links":{"self":[{"href":"https:\/\/plastisolink.us\/pt\/wp-json\/wp\/v2\/product\/12059","targetHints":{"allow":["GET"]}}],"collection":[{"href":"https:\/\/plastisolink.us\/pt\/wp-json\/wp\/v2\/product"}],"about":[{"href":"https:\/\/plastisolink.us\/pt\/wp-json\/wp\/v2\/types\/product"}],"version-history":[{"count":4,"href":"https:\/\/plastisolink.us\/pt\/wp-json\/wp\/v2\/product\/12059\/revisions"}],"predecessor-version":[{"id":15187,"href":"https:\/\/plastisolink.us\/pt\/wp-json\/wp\/v2\/product\/12059\/revisions\/15187"}],"wp:featuredmedia":[{"embeddable":true,"href":"https:\/\/plastisolink.us\/pt\/wp-json\/wp\/v2\/media\/12060"}],"wp:attachment":[{"href":"https:\/\/plastisolink.us\/pt\/wp-json\/wp\/v2\/media?parent=12059"}],"wp:term":[{"taxonomy":"product_brand","embeddable":true,"href":"https:\/\/plastisolink.us\/pt\/wp-json\/wp\/v2\/product_brand?post=12059"},{"taxonomy":"product_cat","embeddable":true,"href":"https:\/\/plastisolink.us\/pt\/wp-json\/wp\/v2\/product_cat?post=12059"},{"taxonomy":"product_tag","embeddable":true,"href":"https:\/\/plastisolink.us\/pt\/wp-json\/wp\/v2\/product_tag?post=12059"}],"curies":[{"name":"wp","href":"https:\/\/api.w.org\/{rel}","templated":true}]}}