 {"id":12084,"date":"2024-10-16T08:43:27","date_gmt":"2024-10-16T08:43:27","guid":{"rendered":"https:\/\/aa.plastisolink.us\/?post_type=product&#038;p=12084"},"modified":"2025-08-20T09:02:44","modified_gmt":"2025-08-20T09:02:44","slug":"mezclando-tinta-plastisol-de-serigrafia-blanca","status":"publish","type":"product","link":"https:\/\/plastisolink.us\/es\/producto\/mezclando-tinta-plastisol-de-serigrafia-blanca\/","title":{"rendered":"Mezcla de tinta plastisol blanca para serigraf\u00eda"},"content":{"rendered":"","protected":false},"excerpt":{"rendered":"<div class=\"flex-shrink-0 flex flex-col relative items-end\">\n<div>\n<div class=\"pt-0\">\n<div class=\"gizmo-bot-avatar flex h-8 w-8 items-center justify-center overflow-hidden rounded-full\">\n<div class=\"relative p-1 rounded-sm flex items-center justify-center bg-token-main-surface-primary text-token-text-primary h-8 w-8\"><\/div>\n<\/div>\n<\/div>\n<\/div>\n<\/div>\n<div class=\"group\/conversation-turn relative flex w-full min-w-0 flex-col agent-turn\">\n<div class=\"flex-col gap-1 md:gap-3\">\n<div class=\"flex max-w-full flex-col flex-grow\">\n<div class=\"min-h-8 text-message flex w-full flex-col items-end gap-2 whitespace-normal break-words [.text-message+&amp;]:mt-5\" dir=\"auto\" data-message-author-role=\"assistant\" data-message-id=\"b5429fa1-94f8-4aa5-bcc0-56dd5588bdf5\" data-message-model-slug=\"gpt-4o\">\n<div class=\"flex w-full flex-col gap-1 empty:hidden first:pt-[3px]\">\n<div class=\"markdown prose w-full break-words dark:prose-invert light\">\n<p>Mezcla <strong><a href=\"https:\/\/plastisolink.us\/es\/mejor-tinta-plastisol-blanca-al-por-mayor\/\">Tinta plastisol blanca<\/a><\/strong> es una tinta vers\u00e1til dise\u00f1ada para usarse como base para crear colores personalizados. Normalmente se usa en combinaci\u00f3n con otros pigmentos de plastisol o concentrados de color, permitiendo a los impresores de pantalla lograr una amplia gama de tonos mientras mantienen una consistencia suave y f\u00e1cil de imprimir.Como un global <a href=\"https:\/\/plastisolink.us\/es\/\"><strong>Personalizado<\/strong> <strong>F\u00e1brica de Tinta para Serigraf\u00eda<\/strong><\/a> de tinta de serigraf\u00eda superior, Ecoprinting ofrece una respuesta centrada en la productividad, la consistencia y el deber ambiental.<\/p>\n<p><img fetchpriority=\"high\" decoding=\"async\" class=\"alignnone wp-image-15224\" src=\"https:\/\/plastisolink.us\/wp-content\/uploads\/2024\/10\/Mixing-White-Screen-Printing-Plastisol-Ink-528x600.jpg\" alt=\"Mezcla de tinta plastisol blanca para serigraf\u00eda\" width=\"282\" height=\"320\" srcset=\"https:\/\/plastisolink.us\/wp-content\/uploads\/2024\/10\/Mixing-White-Screen-Printing-Plastisol-Ink-528x600.jpg 528w, https:\/\/plastisolink.us\/wp-content\/uploads\/2024\/10\/Mixing-White-Screen-Printing-Plastisol-Ink-901x1024.jpg 901w, https:\/\/plastisolink.us\/wp-content\/uploads\/2024\/10\/Mixing-White-Screen-Printing-Plastisol-Ink-768x873.jpg 768w, https:\/\/plastisolink.us\/wp-content\/uploads\/2024\/10\/Mixing-White-Screen-Printing-Plastisol-Ink-1351x1536.jpg 1351w, https:\/\/plastisolink.us\/wp-content\/uploads\/2024\/10\/Mixing-White-Screen-Printing-Plastisol-Ink-600x682.jpg 600w, https:\/\/plastisolink.us\/wp-content\/uploads\/2024\/10\/Mixing-White-Screen-Printing-Plastisol-Ink.jpg 1780w\" sizes=\"(max-width: 282px) 100vw, 282px\" \/><\/p>\n<h3>Caracter\u00edsticas de la Tinta Plastisol Blanca para Mezclar:<\/h3>\n<ol>\n<li><strong>Base Blanca Neutra<\/strong>: Esta tinta proporciona una base blanca neutra que se mezcla f\u00e1cilmente con pigmentos, permitiendo una mezcla de color consistente.<\/li>\n<li><strong>Toque Suave<\/strong>: La tinta est\u00e1 formulada para mantener un tacto suave incluso cuando se mezcla con varios colores.<\/li>\n<li><strong>64. : Cuando se cura correctamente, la tinta plastisol deja una impresi\u00f3n suave y tersa, lo que la hace c\u00f3moda para el usuario.<\/strong>: Asegura una f\u00e1cil mezcla e impresi\u00f3n, proporcionando dep\u00f3sitos de tinta uniformes.<\/li>\n<li><strong>Opacidad Personalizable<\/strong>: Dependiendo de la proporci\u00f3n de pigmentos a\u00f1adidos, se pueden lograr diferentes niveles de opacidad, lo que la hace adaptable tanto para impresiones audaces como sutiles.<\/li>\n<li><strong>Duradero y Flexible<\/strong>: Ofrece una excelente elasticidad y durabilidad, asegurando que las impresiones permanezcan vibrantes e intactas despu\u00e9s de m\u00faltiples lavados.<\/li>\n<\/ol>\n<h3>Beneficios:<\/h3>\n<ul>\n<li><strong>Creaci\u00f3n de Color Personalizado<\/strong>: Mezclar Blanco es esencial para lograr tonos personalizados mientras se mantienen las propiedades de la tinta consistentes en diferentes impresiones.<\/li>\n<li><strong>Consistencia<\/strong>: Se mezcla suavemente con pigmentos y aditivos para crear una mezcla de color uniforme, reduciendo el riesgo de separaci\u00f3n de color.<\/li>\n<li><strong>Versatilidad<\/strong>: Adecuado para una amplia gama de sustratos, desde algod\u00f3n hasta mezclas de poli\u00e9ster, cuando se combina con los pigmentos adecuados.<\/li>\n<li><strong>Control Mejorado<\/strong>: Proporciona m\u00e1s control sobre la opacidad y el acabado de la tinta cuando se utiliza para aplicaciones de subcapa y capa superior.<\/li>\n<\/ul>\n<p><img decoding=\"async\" class=\"alignnone wp-image-15225\" src=\"https:\/\/plastisolink.us\/wp-content\/uploads\/2024\/10\/Mixing-White-Screen-Printing-Plastisol-Ink-1-587x600.jpg\" alt=\"Mezcla de tinta plastisol blanca para serigraf\u00eda\" width=\"258\" height=\"264\" srcset=\"https:\/\/plastisolink.us\/wp-content\/uploads\/2024\/10\/Mixing-White-Screen-Printing-Plastisol-Ink-1-587x600.jpg 587w, https:\/\/plastisolink.us\/wp-content\/uploads\/2024\/10\/Mixing-White-Screen-Printing-Plastisol-Ink-1-1003x1024.jpg 1003w, https:\/\/plastisolink.us\/wp-content\/uploads\/2024\/10\/Mixing-White-Screen-Printing-Plastisol-Ink-1-768x784.jpg 768w, https:\/\/plastisolink.us\/wp-content\/uploads\/2024\/10\/Mixing-White-Screen-Printing-Plastisol-Ink-1-1504x1536.jpg 1504w, https:\/\/plastisolink.us\/wp-content\/uploads\/2024\/10\/Mixing-White-Screen-Printing-Plastisol-Ink-1-2005x2048.jpg 2005w, https:\/\/plastisolink.us\/wp-content\/uploads\/2024\/10\/Mixing-White-Screen-Printing-Plastisol-Ink-1-600x613.jpg 600w\" sizes=\"(max-width: 258px) 100vw, 258px\" \/><\/p>\n<h3>Especificaciones T\u00e9cnicas:<\/h3>\n<ul>\n<li><strong>Temperatura de Secado en Superficie<\/strong>: Alrededor de 160\u00b0F (71\u00b0C)<\/li>\n<li><strong>Temperatura de Curado<\/strong>: 320\u00b0F (160\u00b0C) para un curado completo<\/li>\n<li><strong>Proporciones de Pigmento Recomendadas<\/strong>: Normalmente, se mezcla una carga de pigmento de 10\u201315% con la base blanca para una intensidad de color \u00f3ptima, pero se puede ajustar seg\u00fan el tono y la opacidad deseados.<\/li>\n<li><strong>Malla Recomendada<\/strong>: 160\u2013230 mallas para detalles finos e impresiones suaves<\/li>\n<li><strong>Racleta<\/strong>: Se recomienda una raqueta de durometer medio (70\/80) para la mayor\u00eda de las aplicaciones<\/li>\n<li><strong>Tiempo de Secado<\/strong>: Normalmente se seca en 2\u20134 segundos a 160\u00b0F<\/li>\n<\/ul>\n<h3>Mejores Pr\u00e1cticas:<\/h3>\n<ul>\n<li><strong>Consistencia del Color<\/strong>: Mezcle siempre los colores a fondo y realice una prueba de impresi\u00f3n antes de ejecutar trabajos de producci\u00f3n a gran escala para asegurarse de que se logra el color deseado.<\/li>\n<li><strong>Proporciones Correctas<\/strong>: Aseg\u00farese de que los pigmentos o concentrados se midan con precisi\u00f3n para la repetibilidad del color.<\/li>\n<li><strong>Almacenamiento<\/strong>: Almacene la tinta mezclada en un lugar fresco y seco y s\u00e9llela correctamente para mantener su calidad con el tiempo.<\/li>\n<\/ul>\n<h3>Aplicaciones:<\/h3>\n<ul>\n<li><strong>Subcapa para Colores Personalizados<\/strong>: La Mezcla Blanca se puede usar como base para la mezcla de colores personalizados, particularmente cuando se trabaja con prendas de colores claros.<\/li>\n<li><strong>Capa Superior<\/strong>: Tambi\u00e9n puede servir como capa superior cuando se mezcla con colores para crear tonos sutiles, similares a los pasteles, o para ajustar la opacidad de los tonos m\u00e1s brillantes.<\/li>\n<\/ul>\n<h3>Telas Recomendadas:<\/h3>\n<ul>\n<li>Algod\u00f3n 100%<\/li>\n<li>Mezclas de Algod\u00f3n\/Poli\u00e9ster<\/li>\n<li>El poli\u00e9ster<\/li>\n<\/ul>\n<\/div>\n<\/div>\n<\/div>\n<\/div>\n<\/div>\n<\/div>","protected":false},"featured_media":12085,"template":"","meta":{"site-sidebar-layout":"default","site-content-layout":"","ast-site-content-layout":"default","site-content-style":"default","site-sidebar-style":"default","ast-global-header-display":"","ast-banner-title-visibility":"","ast-main-header-display":"","ast-hfb-above-header-display":"","ast-hfb-below-header-display":"","ast-hfb-mobile-header-display":"","site-post-title":"","ast-breadcrumbs-content":"","ast-featured-img":"","footer-sml-layout":"","theme-transparent-header-meta":"default","adv-header-id-meta":"","stick-header-meta":"","header-above-stick-meta":"","header-main-stick-meta":"","header-below-stick-meta":"","astra-migrate-meta-layouts":"set","ast-page-background-enabled":"default","ast-page-background-meta":{"desktop":{"background-color":"var(--ast-global-color-4)","background-image":"","background-repeat":"repeat","background-position":"center center","background-size":"auto","background-attachment":"scroll","background-type":"","background-media":"","overlay-type":"","overlay-color":"","overlay-opacity":"","overlay-gradient":""},"tablet":{"background-color":"","background-image":"","background-repeat":"repeat","background-position":"center center","background-size":"auto","background-attachment":"scroll","background-type":"","background-media":"","overlay-type":"","overlay-color":"","overlay-opacity":"","overlay-gradient":""},"mobile":{"background-color":"","background-image":"","background-repeat":"repeat","background-position":"center center","background-size":"auto","background-attachment":"scroll","background-type":"","background-media":"","overlay-type":"","overlay-color":"","overlay-opacity":"","overlay-gradient":""}},"ast-content-background-meta":{"desktop":{"background-color":"var(--ast-global-color-5)","background-image":"","background-repeat":"repeat","background-position":"center center","background-size":"auto","background-attachment":"scroll","background-type":"","background-media":"","overlay-type":"","overlay-color":"","overlay-opacity":"","overlay-gradient":""},"tablet":{"background-color":"var(--ast-global-color-5)","background-image":"","background-repeat":"repeat","background-position":"center center","background-size":"auto","background-attachment":"scroll","background-type":"","background-media":"","overlay-type":"","overlay-color":"","overlay-opacity":"","overlay-gradient":""},"mobile":{"background-color":"var(--ast-global-color-5)","background-image":"","background-repeat":"repeat","background-position":"center center","background-size":"auto","background-attachment":"scroll","background-type":"","background-media":"","overlay-type":"","overlay-color":"","overlay-opacity":"","overlay-gradient":""}}},"product_brand":[],"product_cat":[122],"product_tag":[],"class_list":{"0":"post-12084","1":"product","2":"type-product","3":"status-publish","4":"has-post-thumbnail","6":"product_cat-white-plastisol-ink","7":"desktop-align-center","8":"tablet-align-left","9":"mobile-align-left","11":"first","12":"instock","13":"shipping-taxable","14":"product-type-simple"},"_links":{"self":[{"href":"https:\/\/plastisolink.us\/es\/wp-json\/wp\/v2\/product\/12084","targetHints":{"allow":["GET"]}}],"collection":[{"href":"https:\/\/plastisolink.us\/es\/wp-json\/wp\/v2\/product"}],"about":[{"href":"https:\/\/plastisolink.us\/es\/wp-json\/wp\/v2\/types\/product"}],"version-history":[{"count":4,"href":"https:\/\/plastisolink.us\/es\/wp-json\/wp\/v2\/product\/12084\/revisions"}],"predecessor-version":[{"id":15286,"href":"https:\/\/plastisolink.us\/es\/wp-json\/wp\/v2\/product\/12084\/revisions\/15286"}],"wp:featuredmedia":[{"embeddable":true,"href":"https:\/\/plastisolink.us\/es\/wp-json\/wp\/v2\/media\/12085"}],"wp:attachment":[{"href":"https:\/\/plastisolink.us\/es\/wp-json\/wp\/v2\/media?parent=12084"}],"wp:term":[{"taxonomy":"product_brand","embeddable":true,"href":"https:\/\/plastisolink.us\/es\/wp-json\/wp\/v2\/product_brand?post=12084"},{"taxonomy":"product_cat","embeddable":true,"href":"https:\/\/plastisolink.us\/es\/wp-json\/wp\/v2\/product_cat?post=12084"},{"taxonomy":"product_tag","embeddable":true,"href":"https:\/\/plastisolink.us\/es\/wp-json\/wp\/v2\/product_tag?post=12084"}],"curies":[{"name":"wp","href":"https:\/\/api.w.org\/{rel}","templated":true}]}}