 {"id":12065,"date":"2024-10-15T05:50:10","date_gmt":"2024-10-15T05:50:10","guid":{"rendered":"https:\/\/aa.plastisolink.us\/?post_type=product&#038;p=12065"},"modified":"2025-08-15T03:55:19","modified_gmt":"2025-08-15T03:55:19","slug":"blaze-serigrafia-metalica-tintas-plastiso","status":"publish","type":"product","link":"https:\/\/plastisolink.us\/es\/producto\/blaze-serigrafia-metalica-tintas-plastiso\/","title":{"rendered":"Tintas plastisol met\u00e1licas Blaze"},"content":{"rendered":"","protected":false},"excerpt":{"rendered":"<p><strong>Tintas plastisol met\u00e1licas Blaze<\/strong><\/p>\n<p>Enciende tus impresiones con el brillo ardiente de <strong>Blaze <a href=\"https:\/\/plastisolink.us\/es\/tinta-serigrafica-dorada-sin-pvc-tinta-especial\/\">Tintas plastisol met\u00e1licas para serigraf\u00eda<\/a><\/strong>, dise\u00f1adas para hacer que tus creaciones ardan con intensidad y brillo. Estas tintas ofrecen un acabado met\u00e1lico audaz y din\u00e1mico, perfecto para que tus dise\u00f1os destaquen con una vibrancia y un impacto visual inigualables. Ya sea que est\u00e9s trabajando en prendas de moda, productos promocionales o proyectos art\u00edsticos, las tintas met\u00e1licas Blaze te brindan el acabado deslumbrante que necesitas para diferenciar tus impresiones. Como un global <strong><a href=\"https:\/\/plastisolink.us\/es\/\">Tinta de Serigraf\u00eda<\/a><\/strong> de tinta de serigraf\u00eda superior, Ecoprinting ofrece una respuesta centrada en la productividad, la consistencia y el deber ambiental.<\/p>\n<p><img fetchpriority=\"high\" decoding=\"async\" class=\"alignnone  wp-image-15179\" src=\"https:\/\/plastisolink.us\/wp-content\/uploads\/2024\/10\/Blaze-Metallic-Screen-Printing-Plastisol-Inks-1-519x600.jpeg\" alt=\"Tintas plastisol met\u00e1licas Blaze\" width=\"229\" height=\"265\" srcset=\"https:\/\/plastisolink.us\/wp-content\/uploads\/2024\/10\/Blaze-Metallic-Screen-Printing-Plastisol-Inks-1-519x600.jpeg 519w, https:\/\/plastisolink.us\/wp-content\/uploads\/2024\/10\/Blaze-Metallic-Screen-Printing-Plastisol-Inks-1-886x1024.jpeg 886w, https:\/\/plastisolink.us\/wp-content\/uploads\/2024\/10\/Blaze-Metallic-Screen-Printing-Plastisol-Inks-1-768x888.jpeg 768w, https:\/\/plastisolink.us\/wp-content\/uploads\/2024\/10\/Blaze-Metallic-Screen-Printing-Plastisol-Inks-1-1329x1536.jpeg 1329w, https:\/\/plastisolink.us\/wp-content\/uploads\/2024\/10\/Blaze-Metallic-Screen-Printing-Plastisol-Inks-1-1772x2048.jpeg 1772w, https:\/\/plastisolink.us\/wp-content\/uploads\/2024\/10\/Blaze-Metallic-Screen-Printing-Plastisol-Inks-1-600x694.jpeg 600w\" sizes=\"(max-width: 229px) 100vw, 229px\" \/><\/p>\n<p>Con sus ricas part\u00edculas met\u00e1licas reflectantes, las tintas met\u00e1licas Blaze ofrecen un aspecto llamativo y de alto impacto que llama la atenci\u00f3n. Las tintas son f\u00e1ciles de usar, proporcionan una aplicaci\u00f3n suave y una excelente cobertura en varios tipos de telas. Ideales para serigrafistas que desean que sus dise\u00f1os hagan una declaraci\u00f3n poderosa, las tintas met\u00e1licas Blaze brindan tanto el atractivo est\u00e9tico como la durabilidad necesarios para obtener resultados profesionales de alta calidad.<\/p>\n<p><strong>Caracter\u00edsticas principales:<\/strong><\/p>\n<ol>\n<li><strong>Brillo met\u00e1lico v\u00edvido<\/strong>: Las tintas met\u00e1licas Blaze est\u00e1n repletas de pigmentos met\u00e1licos audaces y altamente reflectantes que crean un efecto deslumbrante tanto en telas claras como oscuras, haciendo que tus dise\u00f1os sean imposibles de ignorar.<\/li>\n<li><strong>Cobertura Excepcional<\/strong>: Estas tintas ofrecen una opacidad superior, asegurando que tus dise\u00f1os met\u00e1licos se mantengan brillantes y visibles, incluso en telas m\u00e1s oscuras. La rica pigmentaci\u00f3n garantiza una cobertura completa con un m\u00ednimo de pasadas.<\/li>\n<li><strong>Compatibilidad multi-tejido<\/strong>: Ya sea que est\u00e9s imprimiendo en algod\u00f3n, poli\u00e9ster o mezclas de telas, las tintas met\u00e1licas Blaze se adhieren maravillosamente a una amplia gama de materiales, lo que las hace vers\u00e1tiles para diversos proyectos de serigraf\u00eda.<\/li>\n<li><strong>Aplicaci\u00f3n suave<\/strong>: Dise\u00f1adas para un uso f\u00e1cil, estas tintas presentan una consistencia suave y cremosa que fluye sin esfuerzo a trav\u00e9s de las pantallas, reduciendo la necesidad de ajustes y limpiezas frecuentes.<\/li>\n<li><strong>Durabilidad y longevidad<\/strong>: Las tintas met\u00e1licas Blaze est\u00e1n formuladas para resistir el desgaste, manteniendo su vibrancia a trav\u00e9s de lavados repetidos. Conservan su brillo met\u00e1lico con el tiempo, resistiendo grietas, descamaciones y decoloraciones.<\/li>\n<li><strong>Acabado din\u00e1mico<\/strong>: Disponibles en opciones brillantes y mate, las tintas met\u00e1licas Blaze te permiten personalizar el aspecto de tu impresi\u00f3n, d\u00e1ndote control sobre qu\u00e9 tan audaz o sutil aparece el efecto met\u00e1lico en tu producto final.<\/li>\n<li><strong>F\u00f3rmula resistente al calor<\/strong>: Estas tintas son resistentes al calor y se curan eficazmente a temperaturas de curado de plastisol est\u00e1ndar, asegurando una durabilidad y lavabilidad duraderas sin comprometer el acabado met\u00e1lico.<\/li>\n<li><strong>Baja adherencia, alta eficiencia<\/strong>: Las tintas met\u00e1licas Blaze est\u00e1n dise\u00f1adas con una f\u00f3rmula de baja adherencia, lo que evita la acumulaci\u00f3n en las pantallas y las hace ideales para tiradas de producci\u00f3n m\u00e1s largas sin interrupciones frecuentes para la limpieza.<\/li>\n<\/ol>\n<p><strong>Recomendaciones de aplicaci\u00f3n:<\/strong><\/p>\n<ul>\n<li><strong>Recuento de malla<\/strong>: Para un rendimiento met\u00e1lico \u00f3ptimo, se recomienda un recuento de malla entre 86 y 110. Este rango permite una deposici\u00f3n adecuada de tinta mientras se preserva el detalle en tu dise\u00f1o.<\/li>\n<li><strong>Curaci\u00f3n<\/strong>: Aseg\u00farate del curado completo a 320 \u00b0F (160 \u00b0C) para mayor durabilidad y para fijar el vibrante acabado met\u00e1lico. El curado adecuado es esencial para evitar la decoloraci\u00f3n o el agrietamiento con el tiempo.<\/li>\n<li><strong>Experimentaci\u00f3n<\/strong>: Las tintas met\u00e1licas Blaze se pueden mezclar con otras tintas plastisol o superponerse en diferentes colores para obtener efectos creativos. \u00dasalas para acentuar los dise\u00f1os o crear un aspecto totalmente met\u00e1lico que seguramente llamar\u00e1 la atenci\u00f3n.<\/li>\n<\/ul>\n<p><strong>Almacenamiento y manipulaci\u00f3n<\/strong>:<br \/>\nPara mantener el m\u00e1ximo rendimiento, almacena las tintas met\u00e1licas Blaze en un lugar fresco y seco. Revuelve bien antes de usar para distribuir uniformemente los pigmentos met\u00e1licos. Limpia las pantallas, las esp\u00e1tulas y otras herramientas inmediatamente despu\u00e9s de cada uso para evitar que se sequen y prolongar la vida \u00fatil de tu equipo.<\/p>\n<p><img decoding=\"async\" class=\"alignnone  wp-image-15178\" src=\"https:\/\/plastisolink.us\/wp-content\/uploads\/2024\/10\/Blaze-Metallic-Screen-Printing-Plastisol-Inks-600x535.jpeg\" alt=\"Tintas plastisol met\u00e1licas Blaze\" width=\"241\" height=\"215\" srcset=\"https:\/\/plastisolink.us\/wp-content\/uploads\/2024\/10\/Blaze-Metallic-Screen-Printing-Plastisol-Inks-600x535.jpeg 600w, https:\/\/plastisolink.us\/wp-content\/uploads\/2024\/10\/Blaze-Metallic-Screen-Printing-Plastisol-Inks-1024x912.jpeg 1024w, https:\/\/plastisolink.us\/wp-content\/uploads\/2024\/10\/Blaze-Metallic-Screen-Printing-Plastisol-Inks-768x684.jpeg 768w, https:\/\/plastisolink.us\/wp-content\/uploads\/2024\/10\/Blaze-Metallic-Screen-Printing-Plastisol-Inks-1536x1368.jpeg 1536w, https:\/\/plastisolink.us\/wp-content\/uploads\/2024\/10\/Blaze-Metallic-Screen-Printing-Plastisol-Inks-2048x1825.jpeg 2048w\" sizes=\"(max-width: 241px) 100vw, 241px\" \/><\/p>\n<p><strong>\u00bfPor qu\u00e9 elegir las tintas met\u00e1licas Blaze?<\/strong><\/p>\n<p>Las tintas plastisol met\u00e1licas para serigraf\u00eda Blaze son la soluci\u00f3n definitiva para los serigrafistas que buscan agregar acabados met\u00e1licos audaces y din\u00e1micos a sus dise\u00f1os. Sus ricos tonos ardientes y su brillo reflectante las hacen perfectas para impresiones que necesitan llamar la atenci\u00f3n, ya sea para prendas de vestir, art\u00edculos promocionales u obras de arte. M\u00e1s all\u00e1 de su apariencia llamativa, estas tintas ofrecen un rendimiento de calidad profesional con una cobertura superior, una aplicaci\u00f3n f\u00e1cil y una durabilidad duradera.<\/p>\n<p>Con las tintas met\u00e1licas Blaze, no tienes que comprometer el impacto visual y la calidad. Estas tintas ofrecen ambos, asegurando que tus dise\u00f1os no solo destaquen sino que tambi\u00e9n duren. Ya sea que est\u00e9s imprimiendo ropa urbana vanguardista, materiales promocionales llamativos u obras de arte \u00fanicas, <strong>Tintas met\u00e1licas Blaze<\/strong> proporcionan el brillo explosivo y la audacia que necesitas para hacer que tus impresiones sean inolvidables.<\/p>\n<p><strong>Enciende tus dise\u00f1os con las tintas met\u00e1licas Blaze, donde el brillo ardiente se une a un rendimiento excepcional.<\/strong><\/p>","protected":false},"featured_media":12066,"template":"","meta":{"site-sidebar-layout":"default","site-content-layout":"","ast-site-content-layout":"default","site-content-style":"default","site-sidebar-style":"default","ast-global-header-display":"","ast-banner-title-visibility":"","ast-main-header-display":"","ast-hfb-above-header-display":"","ast-hfb-below-header-display":"","ast-hfb-mobile-header-display":"","site-post-title":"","ast-breadcrumbs-content":"","ast-featured-img":"","footer-sml-layout":"","theme-transparent-header-meta":"default","adv-header-id-meta":"","stick-header-meta":"","header-above-stick-meta":"","header-main-stick-meta":"","header-below-stick-meta":"","astra-migrate-meta-layouts":"set","ast-page-background-enabled":"default","ast-page-background-meta":{"desktop":{"background-color":"var(--ast-global-color-4)","background-image":"","background-repeat":"repeat","background-position":"center center","background-size":"auto","background-attachment":"scroll","background-type":"","background-media":"","overlay-type":"","overlay-color":"","overlay-opacity":"","overlay-gradient":""},"tablet":{"background-color":"","background-image":"","background-repeat":"repeat","background-position":"center center","background-size":"auto","background-attachment":"scroll","background-type":"","background-media":"","overlay-type":"","overlay-color":"","overlay-opacity":"","overlay-gradient":""},"mobile":{"background-color":"","background-image":"","background-repeat":"repeat","background-position":"center center","background-size":"auto","background-attachment":"scroll","background-type":"","background-media":"","overlay-type":"","overlay-color":"","overlay-opacity":"","overlay-gradient":""}},"ast-content-background-meta":{"desktop":{"background-color":"var(--ast-global-color-5)","background-image":"","background-repeat":"repeat","background-position":"center center","background-size":"auto","background-attachment":"scroll","background-type":"","background-media":"","overlay-type":"","overlay-color":"","overlay-opacity":"","overlay-gradient":""},"tablet":{"background-color":"var(--ast-global-color-5)","background-image":"","background-repeat":"repeat","background-position":"center center","background-size":"auto","background-attachment":"scroll","background-type":"","background-media":"","overlay-type":"","overlay-color":"","overlay-opacity":"","overlay-gradient":""},"mobile":{"background-color":"var(--ast-global-color-5)","background-image":"","background-repeat":"repeat","background-position":"center center","background-size":"auto","background-attachment":"scroll","background-type":"","background-media":"","overlay-type":"","overlay-color":"","overlay-opacity":"","overlay-gradient":""}}},"product_brand":[],"product_cat":[123],"product_tag":[],"class_list":{"0":"post-12065","1":"product","2":"type-product","3":"status-publish","4":"has-post-thumbnail","6":"product_cat-gold-silkscreen-ink","7":"desktop-align-center","8":"tablet-align-left","9":"mobile-align-left","11":"first","12":"instock","13":"shipping-taxable","14":"product-type-simple"},"_links":{"self":[{"href":"https:\/\/plastisolink.us\/es\/wp-json\/wp\/v2\/product\/12065","targetHints":{"allow":["GET"]}}],"collection":[{"href":"https:\/\/plastisolink.us\/es\/wp-json\/wp\/v2\/product"}],"about":[{"href":"https:\/\/plastisolink.us\/es\/wp-json\/wp\/v2\/types\/product"}],"version-history":[{"count":5,"href":"https:\/\/plastisolink.us\/es\/wp-json\/wp\/v2\/product\/12065\/revisions"}],"predecessor-version":[{"id":15180,"href":"https:\/\/plastisolink.us\/es\/wp-json\/wp\/v2\/product\/12065\/revisions\/15180"}],"wp:featuredmedia":[{"embeddable":true,"href":"https:\/\/plastisolink.us\/es\/wp-json\/wp\/v2\/media\/12066"}],"wp:attachment":[{"href":"https:\/\/plastisolink.us\/es\/wp-json\/wp\/v2\/media?parent=12065"}],"wp:term":[{"taxonomy":"product_brand","embeddable":true,"href":"https:\/\/plastisolink.us\/es\/wp-json\/wp\/v2\/product_brand?post=12065"},{"taxonomy":"product_cat","embeddable":true,"href":"https:\/\/plastisolink.us\/es\/wp-json\/wp\/v2\/product_cat?post=12065"},{"taxonomy":"product_tag","embeddable":true,"href":"https:\/\/plastisolink.us\/es\/wp-json\/wp\/v2\/product_tag?post=12065"}],"curies":[{"name":"wp","href":"https:\/\/api.w.org\/{rel}","templated":true}]}}