 {"id":12056,"date":"2024-10-15T05:38:01","date_gmt":"2024-10-15T05:38:01","guid":{"rendered":"https:\/\/aa.plastisolink.us\/?post_type=product&#038;p=12056"},"modified":"2025-08-15T05:50:48","modified_gmt":"2025-08-15T05:50:48","slug":"serigrafia-oasis-tintas-metalicas-plastiso","status":"publish","type":"product","link":"https:\/\/plastisolink.us\/es\/producto\/serigrafia-oasis-tintas-metalicas-plastiso\/","title":{"rendered":"Tintas plastisol met\u00e1licas Oasis de serigraf\u00eda"},"content":{"rendered":"","protected":false},"excerpt":{"rendered":"<p><strong>Tintas plastisol met\u00e1licas Oasis de serigraf\u00eda<\/strong><\/p>\n<p>Ad\u00e9ntrese en un mundo de brillo deslumbrante con <strong><a href=\"https:\/\/plastisolink.us\/es\/tinta-serigrafica-dorada-sin-pvc-tinta-especial\/\">Tintas plastisol para serigraf\u00eda<\/a> Oasis Met\u00e1lico <\/strong>. Inspiradas en la tranquila belleza de un oasis escondido, estas tintas ofrecen un acabado met\u00e1lico refrescante que da vida a sus dise\u00f1os con un brillo vibrante y reflectante. Perfectas para crear estampados llamativos que evocan una sensaci\u00f3n de calma, equilibrio y lujo, las tintas met\u00e1licas Oasis son la opci\u00f3n ideal para prendas de moda, accesorios y proyectos art\u00edsticos que requieren un toque extra de elegancia y atractivo.<\/p>\n<p><img fetchpriority=\"high\" decoding=\"async\" class=\"alignnone  wp-image-15188\" src=\"https:\/\/plastisolink.us\/wp-content\/uploads\/2024\/10\/Screen-Printing-Oasis-Metallic-Plastisol-Inks-600x462.jpeg\" alt=\"Tintas plastisol met\u00e1licas Oasis de serigraf\u00eda\" width=\"261\" height=\"201\" srcset=\"https:\/\/plastisolink.us\/wp-content\/uploads\/2024\/10\/Screen-Printing-Oasis-Metallic-Plastisol-Inks-600x462.jpeg 600w, https:\/\/plastisolink.us\/wp-content\/uploads\/2024\/10\/Screen-Printing-Oasis-Metallic-Plastisol-Inks-1024x789.jpeg 1024w, https:\/\/plastisolink.us\/wp-content\/uploads\/2024\/10\/Screen-Printing-Oasis-Metallic-Plastisol-Inks-768x592.jpeg 768w, https:\/\/plastisolink.us\/wp-content\/uploads\/2024\/10\/Screen-Printing-Oasis-Metallic-Plastisol-Inks-1536x1183.jpeg 1536w, https:\/\/plastisolink.us\/wp-content\/uploads\/2024\/10\/Screen-Printing-Oasis-Metallic-Plastisol-Inks-2048x1578.jpeg 2048w\" sizes=\"(max-width: 261px) 100vw, 261px\" \/><\/p>\n<p>Las tintas met\u00e1licas Oasis est\u00e1n formuladas para ofrecer un rendimiento superior manteniendo la facilidad de uso, lo que las hace perfectas tanto para la serigraf\u00eda manual como para la autom\u00e1tica. Los pigmentos met\u00e1licos de la tinta crean un efecto radiante y brillante que destaca tanto en telas claras como oscuras, proporcionando una soluci\u00f3n vers\u00e1til para una amplia variedad de necesidades de impresi\u00f3n. Ya sea que est\u00e9 dise\u00f1ando para prendas de alta gama o materiales promocionales audaces, estas tintas dan a sus impresiones un brillo met\u00e1lico cautivador que est\u00e1 hecho para durar. Como un proveedor global <strong><a href=\"https:\/\/plastisolink.us\/es\/\">Tinta de Serigraf\u00eda<\/a><\/strong> de tinta de serigraf\u00eda superior, Ecoprinting ofrece una respuesta centrada en la productividad, la consistencia y el deber ambiental.<\/p>\n<p><strong>Caracter\u00edsticas principales:<\/strong><\/p>\n<ol>\n<li><strong>Brillo Met\u00e1lico Vibrante<\/strong>: Las tintas met\u00e1licas Oasis proporcionan un sorprendente acabado met\u00e1lico que imita la superficie reflectante del agua, a\u00f1adiendo profundidad y dimensi\u00f3n a sus dise\u00f1os. Las tintas emiten un brillo lustroso que llama inmediatamente la atenci\u00f3n sobre sus impresiones.<\/li>\n<li><strong>Versatilidad en las telas<\/strong>: Estas tintas son compatibles con una amplia gama de tejidos, incluyendo algod\u00f3n, poli\u00e9ster, mezclas y sint\u00e9ticos, lo que las convierte en una opci\u00f3n fiable para una variedad de proyectos de serigraf\u00eda.<\/li>\n<li><strong>Flujo y Aplicaci\u00f3n Suaves<\/strong>: La consistencia suave de las tintas met\u00e1licas Oasis asegura una aplicaci\u00f3n uniforme con una obstrucci\u00f3n m\u00ednima, lo que facilita la obtenci\u00f3n de resultados consistentes en prensas de impresi\u00f3n manuales y autom\u00e1ticas.<\/li>\n<li><strong>Cobertura Rica<\/strong>: Al ofrecer una excelente opacidad, las tintas met\u00e1licas Oasis proporcionan una cobertura vibrante tanto en prendas claras como oscuras, asegurando que sus impresiones met\u00e1licas mantengan su brillo, incluso sobre fondos llamativos.<\/li>\n<li><strong>Toque Suave<\/strong>: A pesar de sus propiedades reflectantes, las tintas met\u00e1licas Oasis mantienen una sensaci\u00f3n suave y c\u00f3moda al tacto, permitiendo que sus impresiones se vean visualmente impresionantes sin sentirse pesadas o r\u00edgidas.<\/li>\n<li><strong>Durabilidad Duradera<\/strong>: Estas tintas est\u00e1n formuladas para una m\u00e1xima durabilidad, asegurando que sus impresiones permanezcan vibrantes e intactas a trav\u00e9s de lavados y usos repetidos. El acabado met\u00e1lico resiste la decoloraci\u00f3n, el agrietamiento y el desprendimiento.<\/li>\n<li><strong>Curado R\u00e1pido y Eficiente<\/strong>: Las tintas met\u00e1licas Oasis se curan eficientemente a temperaturas de curado de plastisol est\u00e1ndar (320\u00b0F\/160\u00b0C), permitiendo una producci\u00f3n r\u00e1pida y fiable sin comprometer el brillo duradero de la tinta.<\/li>\n<li><strong>Brillo Personalizable<\/strong>: Elija entre acabados brillantes y mate seg\u00fan las necesidades de su dise\u00f1o. Ya sea que desee un aspecto audaz y de alto brillo o un brillo m\u00e1s apagado y elegante, las tintas met\u00e1licas Oasis ofrecen la flexibilidad para que coincida con su visi\u00f3n.<\/li>\n<\/ol>\n<p><img decoding=\"async\" class=\"alignnone  wp-image-15189\" src=\"https:\/\/plastisolink.us\/wp-content\/uploads\/2024\/10\/Screen-Printing-Oasis-Metallic-Plastisol-Inks-1-527x600.jpeg\" alt=\"Tintas plastisol met\u00e1licas Oasis de serigraf\u00eda\" width=\"262\" height=\"298\" srcset=\"https:\/\/plastisolink.us\/wp-content\/uploads\/2024\/10\/Screen-Printing-Oasis-Metallic-Plastisol-Inks-1-527x600.jpeg 527w, https:\/\/plastisolink.us\/wp-content\/uploads\/2024\/10\/Screen-Printing-Oasis-Metallic-Plastisol-Inks-1-899x1024.jpeg 899w, https:\/\/plastisolink.us\/wp-content\/uploads\/2024\/10\/Screen-Printing-Oasis-Metallic-Plastisol-Inks-1-768x874.jpeg 768w, https:\/\/plastisolink.us\/wp-content\/uploads\/2024\/10\/Screen-Printing-Oasis-Metallic-Plastisol-Inks-1-1349x1536.jpeg 1349w, https:\/\/plastisolink.us\/wp-content\/uploads\/2024\/10\/Screen-Printing-Oasis-Metallic-Plastisol-Inks-1-1799x2048.jpeg 1799w, https:\/\/plastisolink.us\/wp-content\/uploads\/2024\/10\/Screen-Printing-Oasis-Metallic-Plastisol-Inks-1-600x683.jpeg 600w\" sizes=\"(max-width: 262px) 100vw, 262px\" \/><\/p>\n<p><strong>Recomendaciones de aplicaci\u00f3n:<\/strong><\/p>\n<ul>\n<li><strong>Recuento de malla<\/strong>: Para obtener resultados \u00f3ptimos, utilice un recuento de malla entre 86 y 110. Esto permite un dep\u00f3sito \u00f3ptimo de tinta mientras se preservan los detalles finos de su dise\u00f1o.<\/li>\n<li><strong>Curaci\u00f3n<\/strong>: Aseg\u00farese de un curado completo a 320\u00b0F (160\u00b0C) para asegurar la tinta y evitar cualquier decoloraci\u00f3n o deterioro prematuro del acabado met\u00e1lico.<\/li>\n<li><strong>Posibilidades Creativas<\/strong>: Las tintas met\u00e1licas Oasis se pueden mezclar con otras tintas plastisol o superponerse a otros colores para crear tonos y efectos personalizados. Utilice estas tintas met\u00e1licas para acentuar los elementos del dise\u00f1o o crear un contraste impresionante para una apariencia \u00fanica.<\/li>\n<\/ul>\n<p><strong>Almacenamiento y Mantenimiento<\/strong>:<br \/>\nPara asegurar un rendimiento consistente, almacene las tintas met\u00e1licas Oasis en un lugar fresco y seco. Revuelva la tinta completamente antes de cada uso para asegurar una distribuci\u00f3n uniforme de los pigmentos met\u00e1licos. Limpie las pantallas, las esp\u00e1tulas y otras herramientas inmediatamente despu\u00e9s del uso para evitar la acumulaci\u00f3n y prolongar la vida \u00fatil de su equipo.<\/p>\n<p><strong>\u00bfPor qu\u00e9 elegir las tintas met\u00e1licas Oasis?<\/strong><\/p>\n<p>Las tintas plastisol met\u00e1licas Oasis para serigraf\u00eda ofrecen una combinaci\u00f3n ideal de atractivo est\u00e9tico, facilidad de uso y rendimiento duradero. Su brillo radiante, similar al del agua, crea un efecto visualmente sorprendente que capta la atenci\u00f3n mientras mantiene un aspecto sofisticado y elegante. Ya sea que est\u00e9 trabajando en moda de alta gama, marcas de lujo o dise\u00f1os art\u00edsticos audaces, las tintas met\u00e1licas Oasis proporcionan el equilibrio perfecto entre brillo y durabilidad.<\/p>\n<p>Dise\u00f1adas para funcionar en una gama de tejidos y aplicaciones, <strong>Tintas Met\u00e1licas Oasis<\/strong> son lo suficientemente vers\u00e1tiles como para dar vida a sus ideas m\u00e1s creativas, a la vez que ofrecen los resultados de alta calidad que sus clientes exigen. Con una aplicaci\u00f3n suave, una excelente cobertura y un hermoso acabado reflectante, estas tintas le permiten crear impresiones que no s\u00f3lo destacan, sino que tambi\u00e9n resisten el paso del tiempo.<\/p>\n<p><strong>Deje que sus impresiones brillen con las tintas met\u00e1licas Oasis, donde la belleza met\u00e1lica audaz se une a la calidad duradera.<\/strong><\/p>","protected":false},"featured_media":12057,"template":"","meta":{"site-sidebar-layout":"default","site-content-layout":"","ast-site-content-layout":"default","site-content-style":"default","site-sidebar-style":"default","ast-global-header-display":"","ast-banner-title-visibility":"","ast-main-header-display":"","ast-hfb-above-header-display":"","ast-hfb-below-header-display":"","ast-hfb-mobile-header-display":"","site-post-title":"","ast-breadcrumbs-content":"","ast-featured-img":"","footer-sml-layout":"","theme-transparent-header-meta":"default","adv-header-id-meta":"","stick-header-meta":"","header-above-stick-meta":"","header-main-stick-meta":"","header-below-stick-meta":"","astra-migrate-meta-layouts":"set","ast-page-background-enabled":"default","ast-page-background-meta":{"desktop":{"background-color":"var(--ast-global-color-4)","background-image":"","background-repeat":"repeat","background-position":"center center","background-size":"auto","background-attachment":"scroll","background-type":"","background-media":"","overlay-type":"","overlay-color":"","overlay-opacity":"","overlay-gradient":""},"tablet":{"background-color":"","background-image":"","background-repeat":"repeat","background-position":"center center","background-size":"auto","background-attachment":"scroll","background-type":"","background-media":"","overlay-type":"","overlay-color":"","overlay-opacity":"","overlay-gradient":""},"mobile":{"background-color":"","background-image":"","background-repeat":"repeat","background-position":"center center","background-size":"auto","background-attachment":"scroll","background-type":"","background-media":"","overlay-type":"","overlay-color":"","overlay-opacity":"","overlay-gradient":""}},"ast-content-background-meta":{"desktop":{"background-color":"var(--ast-global-color-5)","background-image":"","background-repeat":"repeat","background-position":"center center","background-size":"auto","background-attachment":"scroll","background-type":"","background-media":"","overlay-type":"","overlay-color":"","overlay-opacity":"","overlay-gradient":""},"tablet":{"background-color":"var(--ast-global-color-5)","background-image":"","background-repeat":"repeat","background-position":"center center","background-size":"auto","background-attachment":"scroll","background-type":"","background-media":"","overlay-type":"","overlay-color":"","overlay-opacity":"","overlay-gradient":""},"mobile":{"background-color":"var(--ast-global-color-5)","background-image":"","background-repeat":"repeat","background-position":"center center","background-size":"auto","background-attachment":"scroll","background-type":"","background-media":"","overlay-type":"","overlay-color":"","overlay-opacity":"","overlay-gradient":""}}},"product_brand":[],"product_cat":[123],"product_tag":[],"class_list":{"0":"post-12056","1":"product","2":"type-product","3":"status-publish","4":"has-post-thumbnail","6":"product_cat-gold-silkscreen-ink","7":"desktop-align-center","8":"tablet-align-left","9":"mobile-align-left","11":"first","12":"instock","13":"shipping-taxable","14":"product-type-simple"},"_links":{"self":[{"href":"https:\/\/plastisolink.us\/es\/wp-json\/wp\/v2\/product\/12056","targetHints":{"allow":["GET"]}}],"collection":[{"href":"https:\/\/plastisolink.us\/es\/wp-json\/wp\/v2\/product"}],"about":[{"href":"https:\/\/plastisolink.us\/es\/wp-json\/wp\/v2\/types\/product"}],"version-history":[{"count":4,"href":"https:\/\/plastisolink.us\/es\/wp-json\/wp\/v2\/product\/12056\/revisions"}],"predecessor-version":[{"id":15190,"href":"https:\/\/plastisolink.us\/es\/wp-json\/wp\/v2\/product\/12056\/revisions\/15190"}],"wp:featuredmedia":[{"embeddable":true,"href":"https:\/\/plastisolink.us\/es\/wp-json\/wp\/v2\/media\/12057"}],"wp:attachment":[{"href":"https:\/\/plastisolink.us\/es\/wp-json\/wp\/v2\/media?parent=12056"}],"wp:term":[{"taxonomy":"product_brand","embeddable":true,"href":"https:\/\/plastisolink.us\/es\/wp-json\/wp\/v2\/product_brand?post=12056"},{"taxonomy":"product_cat","embeddable":true,"href":"https:\/\/plastisolink.us\/es\/wp-json\/wp\/v2\/product_cat?post=12056"},{"taxonomy":"product_tag","embeddable":true,"href":"https:\/\/plastisolink.us\/es\/wp-json\/wp\/v2\/product_tag?post=12056"}],"curies":[{"name":"wp","href":"https:\/\/api.w.org\/{rel}","templated":true}]}}