 {"id":12020,"date":"2024-10-15T03:22:13","date_gmt":"2024-10-15T03:22:13","guid":{"rendered":"https:\/\/aa.plastisolink.us\/?post_type=product&#038;p=12020"},"modified":"2025-08-16T00:03:03","modified_gmt":"2025-08-16T00:03:03","slug":"tinta-plastiso-rosa-que-brilla-en-la-oscuridad","status":"publish","type":"product","link":"https:\/\/plastisolink.us\/es\/producto\/tinta-plastiso-rosa-que-brilla-en-la-oscuridad\/","title":{"rendered":"Tinta plastisol rosa que brilla en la oscuridad"},"content":{"rendered":"","protected":false},"excerpt":{"rendered":"<p>Presentamos <strong>Rosa que brilla en la oscuridad<a href=\"https:\/\/plastisolink.us\/es\/tinta-serigrafica-dorada-sin-pvc-tinta-especial\/\"> Tinta plastisol para serigraf\u00eda<\/a><\/strong>, una tinta divertida y vibrante dise\u00f1ada para cautivar la atenci\u00f3n con su efecto \u00fanico de doble fase. Durante el d\u00eda, brilla con un tono rosa intenso y brillante, y cuando se apagan las luces, se transforma en un espect\u00e1culo brillante de suave radiaci\u00f3n rosa. Perfecta para los impresores de pantalla que buscan agregar un toque m\u00e1gico a sus dise\u00f1os, esta tinta garantiza que sus impresiones se destaquen tanto a la luz del d\u00eda como en la oscuridad.<\/p>\n<p><img decoding=\"async\" class=\"alignnone wp-image-15163\" src=\"https:\/\/plastisolink.us\/wp-content\/uploads\/2024\/10\/Glow-In-The-Dark-Pink-Plastisol-Ink-1-505x600.jpeg\" alt=\"Tinta plastisol rosa que brilla en la oscuridad\" width=\"199\" height=\"236\" srcset=\"https:\/\/plastisolink.us\/wp-content\/uploads\/2024\/10\/Glow-In-The-Dark-Pink-Plastisol-Ink-1-505x600.jpeg 505w, https:\/\/plastisolink.us\/wp-content\/uploads\/2024\/10\/Glow-In-The-Dark-Pink-Plastisol-Ink-1-862x1024.jpeg 862w, https:\/\/plastisolink.us\/wp-content\/uploads\/2024\/10\/Glow-In-The-Dark-Pink-Plastisol-Ink-1-768x913.jpeg 768w, https:\/\/plastisolink.us\/wp-content\/uploads\/2024\/10\/Glow-In-The-Dark-Pink-Plastisol-Ink-1-1293x1536.jpeg 1293w, https:\/\/plastisolink.us\/wp-content\/uploads\/2024\/10\/Glow-In-The-Dark-Pink-Plastisol-Ink-1-1723x2048.jpeg 1723w, https:\/\/plastisolink.us\/wp-content\/uploads\/2024\/10\/Glow-In-The-Dark-Pink-Plastisol-Ink-1-600x713.jpeg 600w\" sizes=\"(max-width: 199px) 100vw, 199px\" \/><\/p>\n<p><strong>Caracter\u00edsticas principales:<\/strong><\/p>\n<ul>\n<li><strong>Brillo Rosa Radiante<\/strong>: Una vez expuesta a la luz, esta tinta almacena energ\u00eda y la libera en forma de un suave brillo rosa en la oscuridad. El efecto brillante es cautivador y asegura que sus dise\u00f1os permanezcan visibles incluso en entornos con poca luz o completamente oscuros, lo que la hace perfecta para ropa de eventos, ropa infantil o promociones especiales.<\/li>\n<li><strong>Rosa Vibrante a la Luz del D\u00eda<\/strong>: Cuando no brilla, la tinta presenta un tono rosa brillante y vibrante, lo que la hace adecuada para una amplia gama de aplicaciones. El color diurno intenso permanece rico y opaco en una variedad de tipos de telas, asegurando que la impresi\u00f3n se vea fant\u00e1stica tanto iluminada como no.<\/li>\n<li><strong>Aplicaci\u00f3n suave<\/strong>: La tinta plastisol rosa que brilla en la oscuridad tiene una consistencia suave y cremosa que facilita su aplicaci\u00f3n uniforme en la pantalla. Garantiza que los detalles finos se capturen limpiamente a la vez que proporciona una cobertura completa para \u00e1reas m\u00e1s grandes. Esta tinta se desliza sin esfuerzo, lo que resulta en impresiones n\u00edtidas y de aspecto profesional.<\/li>\n<li><strong>Brillo Duradero<\/strong>: El efecto brillante de esta tinta permanece visible durante per\u00edodos prolongados despu\u00e9s de ser cargada por la luz. Ya sea que se utilice para equipos de eventos nocturnos, art\u00edculos novedosos o ropa promocional, la tinta conserva su brillo durante horas, proporcionando una experiencia visual memorable.<\/li>\n<li><strong>Durabilidad Resistente al Lavado<\/strong>: Formulada con plastisol, la tinta ofrece una excelente durabilidad y conserva tanto su color rosa brillante como su brillo despu\u00e9s de m\u00faltiples lavados. Resiste la decoloraci\u00f3n, el agrietamiento y el desprendimiento, asegurando que el dise\u00f1o permanezca intacto y vibrante, lo que la hace ideal para prendas de uso intensivo.<\/li>\n<\/ul>\n<p><img fetchpriority=\"high\" decoding=\"async\" class=\"alignnone wp-image-15162\" src=\"https:\/\/plastisolink.us\/wp-content\/uploads\/2024\/10\/Glow-In-The-Dark-Pink-Plastisol-Ink-502x600.jpeg\" alt=\"Tinta plastisol rosa que brilla en la oscuridad\" width=\"211\" height=\"252\" srcset=\"https:\/\/plastisolink.us\/wp-content\/uploads\/2024\/10\/Glow-In-The-Dark-Pink-Plastisol-Ink-502x600.jpeg 502w, https:\/\/plastisolink.us\/wp-content\/uploads\/2024\/10\/Glow-In-The-Dark-Pink-Plastisol-Ink-856x1024.jpeg 856w, https:\/\/plastisolink.us\/wp-content\/uploads\/2024\/10\/Glow-In-The-Dark-Pink-Plastisol-Ink-768x919.jpeg 768w, https:\/\/plastisolink.us\/wp-content\/uploads\/2024\/10\/Glow-In-The-Dark-Pink-Plastisol-Ink-1284x1536.jpeg 1284w, https:\/\/plastisolink.us\/wp-content\/uploads\/2024\/10\/Glow-In-The-Dark-Pink-Plastisol-Ink-600x718.jpeg 600w, https:\/\/plastisolink.us\/wp-content\/uploads\/2024\/10\/Glow-In-The-Dark-Pink-Plastisol-Ink.jpeg 1672w\" sizes=\"(max-width: 211px) 100vw, 211px\" \/><\/p>\n<p><strong>Beneficios<\/strong>:<\/p>\n<ul>\n<li><strong>Dise\u00f1o que Capta la Atenci\u00f3n<\/strong>: Con su efecto rosa brillante, esta tinta agrega una capa de interactividad y sorpresa, haciendo que sus dise\u00f1os sean m\u00e1s atractivos. Perfecta para marcas o eventos que desean ofrecer algo \u00fanico, la funci\u00f3n que brilla en la oscuridad asegura que sus impresiones sean inolvidables.<\/li>\n<li><strong>Usos Vers\u00e1tiles<\/strong>: Esta tinta es perfecta para una variedad de proyectos, desde art\u00edculos de moda y ropa de fiesta hasta art\u00edculos promocionales. Ya sea para eventos nocturnos, festivales o ropa infantil, el efecto brillante crea un atractivo divertido y l\u00fadico que atraer\u00e1 a clientes de todas las edades.<\/li>\n<li><strong>Visibilidad Mejorada<\/strong>: M\u00e1s all\u00e1 de la moda, el brillo rosa tambi\u00e9n agrega valor pr\u00e1ctico. Se puede utilizar para equipos de seguridad, como chalecos o chaquetas, ofreciendo una visibilidad mejorada en entornos con poca luz sin sacrificar el estilo.<\/li>\n<li><strong>Adaptable a Diversas Telas<\/strong>: La tinta plastisol rosa que brilla en la oscuridad funciona en algod\u00f3n, poli\u00e9ster y mezclas, permitiendo a los impresores de pantalla aplicar esta tinta vers\u00e1til en una amplia gama de prendas y productos promocionales. Su flexibilidad la convierte en una opci\u00f3n ideal para los impresores que buscan agregar belleza y funcionalidad a su trabajo.<\/li>\n<\/ul>\n<p><strong>Uso recomendado<\/strong>:<\/p>\n<ul>\n<li><strong>Mejores telas<\/strong>: La tinta rosa que brilla en la oscuridad es efectiva en telas de algod\u00f3n, poli\u00e9ster y mezcla, proporcionando una adhesi\u00f3n suave y efectos de brillo consistentes en estos materiales.<\/li>\n<li><strong>Recomendaciones de conteo de malla<\/strong>: Un recuento de malla de 110-156 asegura el mejor equilibrio entre dep\u00f3sito de tinta e intensidad de brillo. Esto permite colores diurnos fuertes y un impresionante efecto brillante en la oscuridad.<\/li>\n<li><strong>Curado y limpieza<\/strong>: La tinta requiere curado a 320 \u00b0F (160 \u00b0C) para fijar la viveza y la durabilidad del brillo. Las pantallas se limpian f\u00e1cilmente con soluciones de limpieza de plastisol est\u00e1ndar, lo que hace que el proceso sea eficiente y sin complicaciones.<\/li>\n<\/ul>\n<p><strong>Aplicaciones creativas<\/strong>:<\/p>\n<ul>\n<li><strong>Ropa para Eventos Nocturnos<\/strong>: Desde camisetas hasta sudaderas con capucha y accesorios, esta tinta es ideal para art\u00edculos de eventos donde un elemento brillante puede mejorar la experiencia general. Perfecta para conciertos, festivales o noches tem\u00e1ticas, la tinta asegura que los dise\u00f1os permanezcan visibles y atractivos despu\u00e9s del anochecer.<\/li>\n<li><strong>Equipo de Seguridad con Estilo<\/strong>: Agregue una capa de diversi\u00f3n a los equipos de seguridad como chalecos, chaquetas o accesorios para bicicletas donde la visibilidad nocturna es esencial. El efecto brillante proporciona visibilidad pr\u00e1ctica mientras mantiene una est\u00e9tica elegante y atractiva.<\/li>\n<li><strong>Art\u00edculos Novedosos y Ropa Infantil<\/strong>: Ideal para dise\u00f1os divertidos en ropa infantil, ropa de dormir o disfraces donde la funci\u00f3n que brilla en la oscuridad agrega un elemento de juego y emoci\u00f3n. El brillo rosa brillante seguramente encantar\u00e1 a los ni\u00f1os y har\u00e1 que la hora de dormir o los eventos sean m\u00e1s divertidos.<\/li>\n<\/ul>\n<p>31. Con <strong>Tinta Plastisol para Serigraf\u00eda Rosa que Brilla en la Oscuridad<\/strong>, sus dise\u00f1os brillar\u00e1n con color y creatividad. Ya sea para moda, funcionalidad o diversi\u00f3n, esta tinta proporciona un efecto dual \u00fanico que hace que cualquier impresi\u00f3n destaque. F\u00e1cil de usar, duradera y visualmente impresionante, esta tinta es la manera perfecta de agregar un toque brillante y luminoso a sus proyectos de serigraf\u00eda.<\/p>","protected":false},"featured_media":12017,"template":"","meta":{"site-sidebar-layout":"default","site-content-layout":"","ast-site-content-layout":"default","site-content-style":"default","site-sidebar-style":"default","ast-global-header-display":"","ast-banner-title-visibility":"","ast-main-header-display":"","ast-hfb-above-header-display":"","ast-hfb-below-header-display":"","ast-hfb-mobile-header-display":"","site-post-title":"","ast-breadcrumbs-content":"","ast-featured-img":"","footer-sml-layout":"","theme-transparent-header-meta":"default","adv-header-id-meta":"","stick-header-meta":"","header-above-stick-meta":"","header-main-stick-meta":"","header-below-stick-meta":"","astra-migrate-meta-layouts":"set","ast-page-background-enabled":"default","ast-page-background-meta":{"desktop":{"background-color":"var(--ast-global-color-4)","background-image":"","background-repeat":"repeat","background-position":"center center","background-size":"auto","background-attachment":"scroll","background-type":"","background-media":"","overlay-type":"","overlay-color":"","overlay-opacity":"","overlay-gradient":""},"tablet":{"background-color":"","background-image":"","background-repeat":"repeat","background-position":"center center","background-size":"auto","background-attachment":"scroll","background-type":"","background-media":"","overlay-type":"","overlay-color":"","overlay-opacity":"","overlay-gradient":""},"mobile":{"background-color":"","background-image":"","background-repeat":"repeat","background-position":"center center","background-size":"auto","background-attachment":"scroll","background-type":"","background-media":"","overlay-type":"","overlay-color":"","overlay-opacity":"","overlay-gradient":""}},"ast-content-background-meta":{"desktop":{"background-color":"var(--ast-global-color-5)","background-image":"","background-repeat":"repeat","background-position":"center center","background-size":"auto","background-attachment":"scroll","background-type":"","background-media":"","overlay-type":"","overlay-color":"","overlay-opacity":"","overlay-gradient":""},"tablet":{"background-color":"var(--ast-global-color-5)","background-image":"","background-repeat":"repeat","background-position":"center center","background-size":"auto","background-attachment":"scroll","background-type":"","background-media":"","overlay-type":"","overlay-color":"","overlay-opacity":"","overlay-gradient":""},"mobile":{"background-color":"var(--ast-global-color-5)","background-image":"","background-repeat":"repeat","background-position":"center center","background-size":"auto","background-attachment":"scroll","background-type":"","background-media":"","overlay-type":"","overlay-color":"","overlay-opacity":"","overlay-gradient":""}}},"product_brand":[],"product_cat":[88],"product_tag":[],"class_list":{"0":"post-12020","1":"product","2":"type-product","3":"status-publish","4":"has-post-thumbnail","6":"product_cat-specialty-inks","7":"desktop-align-center","8":"tablet-align-left","9":"mobile-align-left","11":"first","12":"instock","13":"shipping-taxable","14":"product-type-simple"},"_links":{"self":[{"href":"https:\/\/plastisolink.us\/es\/wp-json\/wp\/v2\/product\/12020","targetHints":{"allow":["GET"]}}],"collection":[{"href":"https:\/\/plastisolink.us\/es\/wp-json\/wp\/v2\/product"}],"about":[{"href":"https:\/\/plastisolink.us\/es\/wp-json\/wp\/v2\/types\/product"}],"version-history":[{"count":5,"href":"https:\/\/plastisolink.us\/es\/wp-json\/wp\/v2\/product\/12020\/revisions"}],"predecessor-version":[{"id":15164,"href":"https:\/\/plastisolink.us\/es\/wp-json\/wp\/v2\/product\/12020\/revisions\/15164"}],"wp:featuredmedia":[{"embeddable":true,"href":"https:\/\/plastisolink.us\/es\/wp-json\/wp\/v2\/media\/12017"}],"wp:attachment":[{"href":"https:\/\/plastisolink.us\/es\/wp-json\/wp\/v2\/media?parent=12020"}],"wp:term":[{"taxonomy":"product_brand","embeddable":true,"href":"https:\/\/plastisolink.us\/es\/wp-json\/wp\/v2\/product_brand?post=12020"},{"taxonomy":"product_cat","embeddable":true,"href":"https:\/\/plastisolink.us\/es\/wp-json\/wp\/v2\/product_cat?post=12020"},{"taxonomy":"product_tag","embeddable":true,"href":"https:\/\/plastisolink.us\/es\/wp-json\/wp\/v2\/product_tag?post=12020"}],"curies":[{"name":"wp","href":"https:\/\/api.w.org\/{rel}","templated":true}]}}