 {"id":10453,"date":"2024-08-27T07:55:16","date_gmt":"2024-08-27T07:55:16","guid":{"rendered":"https:\/\/aa.plastisolink.us\/?post_type=product&#038;p=10453"},"modified":"2025-08-14T06:08:58","modified_gmt":"2025-08-14T06:08:58","slug":"tinta-plastisol-azul-acida-de-serigrafia-sin-pvc","status":"publish","type":"product","link":"https:\/\/plastisolink.us\/es\/producto\/tinta-plastisol-azul-acida-de-serigrafia-sin-pvc\/","title":{"rendered":"Tinta plastisol azul \u00e1cida para serigraf\u00eda sin PVC"},"content":{"rendered":"<p>Nuestra <strong><a href=\"https:\/\/plastisolink.us\/es\/serigrafia-tinta-plastisol\/\">PVC-free Screen Printing Plastisol Ink<\/a><\/strong> Acid Blue is designed for professional fabric printing, delivering superior, regular outcomes for each mass and custom production. As a depended on screen printing ink producer, we carefully formulate our ink to satisfy the steadiness, sturdiness, and environmental compliance wishes of clothing factories, expert printers, and promotional product providers.<\/p>\n<p><img fetchpriority=\"high\" decoding=\"async\" class=\"alignnone  wp-image-15154\" src=\"https:\/\/plastisolink.us\/wp-content\/uploads\/2024\/08\/Acid-Blue-Plastisol-Ink-600x489.jpeg\" alt=\"Tinta Plastisol Azul \u00c1cido\" width=\"322\" height=\"262\" srcset=\"https:\/\/plastisolink.us\/wp-content\/uploads\/2024\/08\/Acid-Blue-Plastisol-Ink-600x489.jpeg 600w, https:\/\/plastisolink.us\/wp-content\/uploads\/2024\/08\/Acid-Blue-Plastisol-Ink-1024x834.jpeg 1024w, https:\/\/plastisolink.us\/wp-content\/uploads\/2024\/08\/Acid-Blue-Plastisol-Ink-768x625.jpeg 768w, https:\/\/plastisolink.us\/wp-content\/uploads\/2024\/08\/Acid-Blue-Plastisol-Ink-1536x1251.jpeg 1536w, https:\/\/plastisolink.us\/wp-content\/uploads\/2024\/08\/Acid-Blue-Plastisol-Ink-2048x1668.jpeg 2048w\" sizes=\"(max-width: 322px) 100vw, 322px\" \/><\/p>\n<p>Produced in our legal turbines, this ink provides great opacity and rich coloration on each light and dark fabrics. Its PVC-free and phthalate-loose formulation is OEKO-Tex\u00ae and REACH compliant, making sure secure use in garment manufacturing and a silky, smooth finish. Its silky feel makes it easy to use on each computerized and manual printing presses, and its advanced protecting features lessen ink intake in keeping with print, making it best for controlling charges in large-scale production.As a global <strong><a href=\"https:\/\/plastisolink.us\/es\/\">Tinta de Serigraf\u00eda<\/a><\/strong> de tinta de serigraf\u00eda superior, Ecoprinting ofrece una respuesta centrada en la productividad, la consistencia y el deber ambiental.<\/p>\n<h1>Caracter\u00edsticas principales:<\/h1>\n<ul>\n<li>Eco-friendly, PVC free plastisol ink with high color saturation<\/li>\n<li>Stable viscosity for regular performance in computerized printing strains<\/li>\n<li>Compatible with cotton, polyester blends, and various area of expertise fabrics<\/li>\n<li>Excellent elasticity and wash resistance for long-lasting prints<\/li>\n<li>Non-blocking off formula for efficient multi-color printing with out display screen sticking<\/li>\n<li>Available in bulk packaging for decreased price in step with unit<\/li>\n<\/ul>\n<p><img decoding=\"async\" class=\"alignnone  wp-image-15155\" src=\"https:\/\/plastisolink.us\/wp-content\/uploads\/2024\/08\/Acid-Blue-Plastisol-Ink-1-468x600.jpeg\" alt=\"Tinta Plastisol Azul \u00c1cido\" width=\"298\" height=\"382\" srcset=\"https:\/\/plastisolink.us\/wp-content\/uploads\/2024\/08\/Acid-Blue-Plastisol-Ink-1-468x600.jpeg 468w, https:\/\/plastisolink.us\/wp-content\/uploads\/2024\/08\/Acid-Blue-Plastisol-Ink-1-799x1024.jpeg 799w, https:\/\/plastisolink.us\/wp-content\/uploads\/2024\/08\/Acid-Blue-Plastisol-Ink-1-768x984.jpeg 768w, https:\/\/plastisolink.us\/wp-content\/uploads\/2024\/08\/Acid-Blue-Plastisol-Ink-1-1199x1536.jpeg 1199w, https:\/\/plastisolink.us\/wp-content\/uploads\/2024\/08\/Acid-Blue-Plastisol-Ink-1-1599x2048.jpeg 1599w, https:\/\/plastisolink.us\/wp-content\/uploads\/2024\/08\/Acid-Blue-Plastisol-Ink-1-600x769.jpeg 600w, https:\/\/plastisolink.us\/wp-content\/uploads\/2024\/08\/Acid-Blue-Plastisol-Ink-1.jpeg 1992w\" sizes=\"(max-width: 298px) 100vw, 298px\" \/><\/p>","protected":false},"excerpt":{"rendered":"<p>Compre tinta Plastisol Azul \u00c1cido de alta calidad sin PVC para serigraf\u00eda. Perfecta para fabricantes de prendas de vestir que buscan impresiones duraderas y vibrantes con caracter\u00edsticas ecol\u00f3gicas.<\/p>","protected":false},"featured_media":10454,"template":"","meta":{"site-sidebar-layout":"default","site-content-layout":"","ast-site-content-layout":"default","site-content-style":"default","site-sidebar-style":"default","ast-global-header-display":"","ast-banner-title-visibility":"","ast-main-header-display":"","ast-hfb-above-header-display":"","ast-hfb-below-header-display":"","ast-hfb-mobile-header-display":"","site-post-title":"","ast-breadcrumbs-content":"","ast-featured-img":"","footer-sml-layout":"","theme-transparent-header-meta":"default","adv-header-id-meta":"","stick-header-meta":"","header-above-stick-meta":"","header-main-stick-meta":"","header-below-stick-meta":"","astra-migrate-meta-layouts":"set","ast-page-background-enabled":"default","ast-page-background-meta":{"desktop":{"background-color":"var(--ast-global-color-4)","background-image":"","background-repeat":"repeat","background-position":"center center","background-size":"auto","background-attachment":"scroll","background-type":"","background-media":"","overlay-type":"","overlay-color":"","overlay-opacity":"","overlay-gradient":""},"tablet":{"background-color":"","background-image":"","background-repeat":"repeat","background-position":"center center","background-size":"auto","background-attachment":"scroll","background-type":"","background-media":"","overlay-type":"","overlay-color":"","overlay-opacity":"","overlay-gradient":""},"mobile":{"background-color":"","background-image":"","background-repeat":"repeat","background-position":"center center","background-size":"auto","background-attachment":"scroll","background-type":"","background-media":"","overlay-type":"","overlay-color":"","overlay-opacity":"","overlay-gradient":""}},"ast-content-background-meta":{"desktop":{"background-color":"var(--ast-global-color-5)","background-image":"","background-repeat":"repeat","background-position":"center center","background-size":"auto","background-attachment":"scroll","background-type":"","background-media":"","overlay-type":"","overlay-color":"","overlay-opacity":"","overlay-gradient":""},"tablet":{"background-color":"var(--ast-global-color-5)","background-image":"","background-repeat":"repeat","background-position":"center center","background-size":"auto","background-attachment":"scroll","background-type":"","background-media":"","overlay-type":"","overlay-color":"","overlay-opacity":"","overlay-gradient":""},"mobile":{"background-color":"var(--ast-global-color-5)","background-image":"","background-repeat":"repeat","background-position":"center center","background-size":"auto","background-attachment":"scroll","background-type":"","background-media":"","overlay-type":"","overlay-color":"","overlay-opacity":"","overlay-gradient":""}}},"product_brand":[],"product_cat":[41],"product_tag":[113],"class_list":{"0":"post-10453","1":"product","2":"type-product","3":"status-publish","4":"has-post-thumbnail","6":"product_cat-screen-printing-plastisol-ink","7":"product_tag-acid-blue-plastisol-ink","8":"desktop-align-center","9":"tablet-align-left","10":"mobile-align-left","12":"first","13":"instock","14":"shipping-taxable","15":"product-type-simple"},"_links":{"self":[{"href":"https:\/\/plastisolink.us\/es\/wp-json\/wp\/v2\/product\/10453","targetHints":{"allow":["GET"]}}],"collection":[{"href":"https:\/\/plastisolink.us\/es\/wp-json\/wp\/v2\/product"}],"about":[{"href":"https:\/\/plastisolink.us\/es\/wp-json\/wp\/v2\/types\/product"}],"version-history":[{"count":6,"href":"https:\/\/plastisolink.us\/es\/wp-json\/wp\/v2\/product\/10453\/revisions"}],"predecessor-version":[{"id":15156,"href":"https:\/\/plastisolink.us\/es\/wp-json\/wp\/v2\/product\/10453\/revisions\/15156"}],"wp:featuredmedia":[{"embeddable":true,"href":"https:\/\/plastisolink.us\/es\/wp-json\/wp\/v2\/media\/10454"}],"wp:attachment":[{"href":"https:\/\/plastisolink.us\/es\/wp-json\/wp\/v2\/media?parent=10453"}],"wp:term":[{"taxonomy":"product_brand","embeddable":true,"href":"https:\/\/plastisolink.us\/es\/wp-json\/wp\/v2\/product_brand?post=10453"},{"taxonomy":"product_cat","embeddable":true,"href":"https:\/\/plastisolink.us\/es\/wp-json\/wp\/v2\/product_cat?post=10453"},{"taxonomy":"product_tag","embeddable":true,"href":"https:\/\/plastisolink.us\/es\/wp-json\/wp\/v2\/product_tag?post=10453"}],"curies":[{"name":"wp","href":"https:\/\/api.w.org\/{rel}","templated":true}]}}